{"id":1202,"date":"2023-04-25T19:51:03","date_gmt":"2023-04-25T19:51:03","guid":{"rendered":"https:\/\/www.weloopyou.com\/?page_id=1202"},"modified":"2023-10-25T20:35:53","modified_gmt":"2023-10-25T20:35:53","slug":"nuestras_noticias","status":"publish","type":"page","link":"https:\/\/www.weloopyou.com\/?page_id=1202","title":{"rendered":"prensa"},"content":{"rendered":"\n<div id=\"wp-block-themeisle-blocks-advanced-columns-2c60bc77\" class=\"wp-block-themeisle-blocks-advanced-columns alignfull has-1-columns has-desktop-equal-layout has-tablet-equal-layout has-mobile-collapsedRows-layout has-reverse-columns-mobile has-vertical-center ticss-c00aadba has-light-bg\"><div class=\"wp-block-themeisle-blocks-advanced-columns-overlay\"><\/div><div class=\"innerblocks-wrap\">\n<div id=\"wp-block-themeisle-blocks-advanced-column-75b9263d\" class=\"wp-block-themeisle-blocks-advanced-column\">\n<div style=\"height:42px\" aria-hidden=\"true\" class=\" wp-block-spacer eplus-wrapper\"><\/div>\n\n\n\n<h1 id=\"wp-block-themeisle-blocks-advanced-heading-5d5675df\" class=\"wp-block-themeisle-blocks-advanced-heading wp-block-themeisle-blocks-advanced-heading-5d5675df\">Nuestras noticias<\/h1>\n\n\n\n<p id=\"wp-block-themeisle-blocks-advanced-heading-40ecd43d\" class=\"wp-block-themeisle-blocks-advanced-heading wp-block-themeisle-blocks-advanced-heading-40ecd43d\">En la secci\u00f3n nuestras noticias se encuentran art\u00edculos de opini\u00f3n, videos, entrevistas y otros contenidos relacionados con la marca LOOP son excelentes recursos para conocer mejor la ingenier\u00eda y la marca. <\/p>\n\n\n\n<div style=\"height:40px\" aria-hidden=\"true\" class=\" wp-block-spacer eplus-wrapper\"><\/div>\n<\/div>\n<\/div><\/div>\n\n\n<div class=\" wp-block-columns eplus-wrapper is-layout-flex wp-container-3 eplus-styles-uid-beeb6e\">\n<div class=\" wp-block-column eplus-wrapper is-layout-flow\">\n<figure class=\" wp-block-image size-full eplus-wrapper\"><a href=\"https:\/\/grupo.iberia.com\/pressrelease\/details\/12439\"><img decoding=\"async\" loading=\"lazy\" width=\"640\" height=\"631\" src=\"https:\/\/www.weloopyou.com\/wp-content\/uploads\/2023\/03\/Loop_technical_services_diseno_dispositivos_mochila_loop-1.png\" alt=\"Nuestras noticias LOOP Technical Services\" class=\"wp-image-1206\" srcset=\"https:\/\/www.weloopyou.com\/wp-content\/uploads\/2023\/03\/Loop_technical_services_diseno_dispositivos_mochila_loop-1.png 640w, https:\/\/www.weloopyou.com\/wp-content\/uploads\/2023\/03\/Loop_technical_services_diseno_dispositivos_mochila_loop-1-300x296.png 300w\" sizes=\"(max-width: 640px) 100vw, 640px\" \/><\/a><\/figure>\n\n\n\n<div style=\"height:36px\" aria-hidden=\"true\" class=\" wp-block-spacer eplus-wrapper\"><\/div>\n\n\n\n<h6 class=\" wp-block-heading has-text-align-center has-figtree-font-family eplus-wrapper\" style=\"font-size:18px\"><a href=\"https:\/\/www.businessinsider.es\/loop-startup-espanola-cuyo-sistema-desinfeccion-gusta-iberia-704065\"><strong>La reci\u00e9n creada startup espa\u00f1ola Loop\u00a0ha dise\u00f1ado un sistema de desinfecci\u00f3n que Iberia utiliza desde este mes\u00a0para la limpieza de sus aviones<\/strong><\/a><\/h6>\n\n\n\n<p class=\" has-text-align-center has-figtree-font-family eplus-wrapper\" style=\"font-size:14px\">Dos ingenieros, un piloto de avi\u00f3n y un comercial han puesto en marcha esta iniciativa sin dejar sus respectivos trabajos, en base a su experiencia en el sector.<\/p>\n\n\n\n<div style=\"height:27px\" aria-hidden=\"true\" class=\" wp-block-spacer eplus-wrapper\"><\/div>\n<\/div>\n\n\n\n<div class=\" wp-block-column eplus-wrapper is-layout-flow\">\n<div style=\"height:38px\" aria-hidden=\"true\" class=\" wp-block-spacer eplus-wrapper\"><\/div>\n\n\n\n<h6 class=\" wp-block-heading has-text-align-center has-figtree-font-family eplus-wrapper\" style=\"font-size:18px\"><strong><a href=\"https:\/\/grupo.iberia.com\/pressrelease\/details\/12439\">Iberia Brings Innovative and Sustainable Solutions to Aircraft Cleaning and Sanitising<\/a><\/strong><\/h6>\n\n\n\n<p class=\" has-text-align-center has-figtree-font-family eplus-wrapper\" style=\"font-size:14px\">For the daily deep-cleaning of Iberia aircraft, the Spanish start-up AirlineLoop designed an\u00a0easy-to-use, reliable, and energy-efficient aircraft cabin disinfection system.\u00a0All exposed surfaces are sprayed with a disinfecting liquid that dries almost instantly.\u00a0<\/p>\n\n\n\n<div style=\"height:71px\" aria-hidden=\"true\" class=\" wp-block-spacer eplus-wrapper\"><\/div>\n\n\n\n<figure class=\" wp-block-image size-full is-resized eplus-wrapper\"><a href=\"https:\/\/www.businessinsider.es\/loop-startup-espanola-cuyo-sistema-desinfeccion-gusta-iberia-704065\"><img decoding=\"async\" loading=\"lazy\" src=\"https:\/\/www.weloopyou.com\/wp-content\/uploads\/2023\/04\/Loop_technical_services_nuestras_noticias.png\" alt=\"nuestras noticias business insider\" class=\"wp-image-1214\" width=\"368\" height=\"321\" srcset=\"https:\/\/www.weloopyou.com\/wp-content\/uploads\/2023\/04\/Loop_technical_services_nuestras_noticias.png 320w, https:\/\/www.weloopyou.com\/wp-content\/uploads\/2023\/04\/Loop_technical_services_nuestras_noticias-300x262.png 300w\" sizes=\"(max-width: 368px) 100vw, 368px\" \/><\/a><\/figure>\n<\/div>\n<\/div>\n\n<div class=\" wp-block-columns eplus-wrapper is-layout-flex wp-container-6 eplus-styles-uid-006b0a\" style=\"border-style:none;border-width:0px;padding-top:0;padding-right:0;padding-bottom:0;padding-left:0\">\n<div class=\" wp-block-column eplus-wrapper is-layout-flow\">\n<figure class=\" wp-block-image size-full eplus-wrapper\"><a href=\"https:\/\/www.hosteltur.com\/138761_5-innovaciones-para-la-seguridad-de-pasajeros-y-tripulacion.html\"><img decoding=\"async\" loading=\"lazy\" width=\"638\" height=\"640\" src=\"https:\/\/www.weloopyou.com\/wp-content\/uploads\/2023\/04\/Loop_technical_services_diseno_dispositivos_standard_loop_2.png\" alt=\"\" class=\"wp-image-1213\" srcset=\"https:\/\/www.weloopyou.com\/wp-content\/uploads\/2023\/04\/Loop_technical_services_diseno_dispositivos_standard_loop_2.png 638w, https:\/\/www.weloopyou.com\/wp-content\/uploads\/2023\/04\/Loop_technical_services_diseno_dispositivos_standard_loop_2-300x300.png 300w, https:\/\/www.weloopyou.com\/wp-content\/uploads\/2023\/04\/Loop_technical_services_diseno_dispositivos_standard_loop_2-150x150.png 150w\" sizes=\"(max-width: 638px) 100vw, 638px\" \/><\/a><\/figure>\n\n\n\n<div style=\"height:90px\" aria-hidden=\"true\" class=\" wp-block-spacer eplus-wrapper\"><\/div>\n\n\n\n<h6 class=\" wp-block-heading has-text-align-center has-figtree-font-family eplus-wrapper\" style=\"font-size:18px\"><strong><a href=\"https:\/\/serviciocardioproteccion.com\/loop-desinfectar-espacios-covid\/\">LOOP, el revolucionario sistema para desinfectar espacios COVID<\/a><\/strong><\/h6>\n\n\n\n<p class=\" has-text-align-center has-figtree-font-family eplus-wrapper\" style=\"font-size:14px\">LOOP es el perfecto aliado para desinfectar cualquier espacio con ocupaci\u00f3n humana as\u00ed como superficies de contacto, utensilios, equipos y materiales susceptibles de contener potenciales pat\u00f3genos microbianos.<\/p>\n\n\n\n<div style=\"height:118px\" aria-hidden=\"true\" class=\" wp-block-spacer eplus-wrapper\"><\/div>\n<\/div>\n\n\n\n<div class=\" wp-block-column eplus-wrapper is-layout-flow\">\n<div style=\"height:25px\" aria-hidden=\"true\" class=\" wp-block-spacer eplus-wrapper\"><\/div>\n\n\n\n<h6 class=\" wp-block-heading has-text-align-center has-figtree-font-family eplus-wrapper\" style=\"font-size:18px\"><strong><a href=\"https:\/\/www.hosteltur.com\/138761_5-innovaciones-para-la-seguridad-de-pasajeros-y-tripulacion.html\">Innovaciones para la seguridad de pasajeros y tripulaci\u00f3n<\/a><\/strong><\/h6>\n\n\n\n<p class=\" has-text-align-center has-figtree-font-family eplus-wrapper\" style=\"font-size:14px\">Para la limpieza profunda diaria de la aeronave, la aerol\u00ednea se ha asociado con\u00a0<strong>la startup espa\u00f1ola AirlineLoop, que ha dise\u00f1ado un sistema de desinfecci\u00f3n de cabina de avi\u00f3n f\u00e1cil de usar y energ\u00e9ticamente eficiente<\/strong>. Todas las superficies expuestas se roc\u00edan con un l\u00edquido desinfectante que se seca casi instant\u00e1neamente.<\/p>\n\n\n\n<div style=\"height:72px\" aria-hidden=\"true\" class=\" wp-block-spacer eplus-wrapper\"><\/div>\n\n\n\n<figure class=\" wp-block-image size-full is-resized eplus-wrapper\"><a href=\"https:\/\/serviciocardioproteccion.com\/loop-desinfectar-espacios-covid\/\"><img decoding=\"async\" loading=\"lazy\" src=\"https:\/\/www.weloopyou.com\/wp-content\/uploads\/2023\/04\/Loop_technical_services_diseno_dispositivos_standard_loop_3.png\" alt=\"loop nuestras noticias\" class=\"wp-image-1212\" width=\"370\" height=\"373\" srcset=\"https:\/\/www.weloopyou.com\/wp-content\/uploads\/2023\/04\/Loop_technical_services_diseno_dispositivos_standard_loop_3.png 978w, https:\/\/www.weloopyou.com\/wp-content\/uploads\/2023\/04\/Loop_technical_services_diseno_dispositivos_standard_loop_3-297x300.png 297w, https:\/\/www.weloopyou.com\/wp-content\/uploads\/2023\/04\/Loop_technical_services_diseno_dispositivos_standard_loop_3-150x150.png 150w, https:\/\/www.weloopyou.com\/wp-content\/uploads\/2023\/04\/Loop_technical_services_diseno_dispositivos_standard_loop_3-768x776.png 768w\" sizes=\"(max-width: 370px) 100vw, 370px\" \/><\/a><\/figure>\n<\/div>\n<\/div>\n\n<div class=\" wp-block-columns eplus-wrapper is-layout-flex wp-container-9 eplus-styles-uid-b0173f\">\n<div class=\" wp-block-column eplus-wrapper is-layout-flow\">\n<figure class=\" wp-block-image size-full eplus-wrapper\"><a href=\"https:\/\/cursosceae.es\/nuestro-vinculo-con-loop-la-startup-de-limpieza-y-desinfeccion-que-utiliza-iberia\/\"><img decoding=\"async\" loading=\"lazy\" width=\"630\" height=\"640\" src=\"https:\/\/www.weloopyou.com\/wp-content\/uploads\/2023\/03\/loop_technical_services_diseno_dispositivos-2.png\" alt=\"Airline Loop Iberia Nuestras noticias\" class=\"wp-image-1207\" srcset=\"https:\/\/www.weloopyou.com\/wp-content\/uploads\/2023\/03\/loop_technical_services_diseno_dispositivos-2.png 630w, https:\/\/www.weloopyou.com\/wp-content\/uploads\/2023\/03\/loop_technical_services_diseno_dispositivos-2-295x300.png 295w\" sizes=\"(max-width: 630px) 100vw, 630px\" \/><\/a><\/figure>\n\n\n\n<div style=\"height:64px\" aria-hidden=\"true\" class=\" wp-block-spacer eplus-wrapper\"><\/div>\n\n\n\n<h6 class=\" wp-block-heading has-text-align-center has-figtree-font-family eplus-wrapper\" style=\"font-size:18px\"><a href=\"https:\/\/cursosceae.es\/nuestro-vinculo-con-loop-la-startup-de-limpieza-y-desinfeccion-que-utiliza-iberia\/\"><strong>Nuestro v\u00ednculo con Loop, la startup de limpieza y desinfecci\u00f3n que utiliza Iberia<\/strong><\/a><\/h6>\n\n\n\n<p class=\" has-text-align-center has-figtree-font-family eplus-wrapper\" style=\"font-size:14px\">Loop ha dise\u00f1ado y fabricado en Espa\u00f1a cuatro sistemas de\u00a0<strong>cuatro sistemas desinfecci\u00f3n basados en la pulverizaci\u00f3n<\/strong>.\u00a0Con unas lanzas que generan gotitas con\u00a0biocidas. Pretenden ser \u00fatiles en\u00a0colegios, hoteles, oficinas, residencias, universidades\u00a0y aerol\u00edneas, entre otros.<\/p>\n<\/div>\n\n\n\n<div class=\" wp-block-column eplus-wrapper is-layout-flow\">\n<div style=\"height:54px\" aria-hidden=\"true\" class=\" wp-block-spacer eplus-wrapper\"><\/div>\n\n\n\n<h6 class=\" wp-block-heading has-text-align-center has-figtree-font-family eplus-wrapper\" style=\"font-size:18px\"><strong><a href=\"https:\/\/love2fly.iberia.com\/2020\/08\/11\/iberia-airlines-inflight-cleaning-hygiene-measures-coronavirus-covid-19\/\">Iberia\u2019s New Inflight Cleaning\/Hygiene Measures \u2013 Effective &amp; Sustainable<\/a><\/strong><\/h6>\n\n\n\n<p class=\" has-text-align-center has-figtree-font-family eplus-wrapper\" style=\"font-size:14px\">For day-to-day cleaning of equipment, the Spanish startup\u00a0<strong>Loop Disinfection<\/strong>\u00a0has designed for Iberia a system of cabin desinfection that\u2019s easy to handle and low in electricity consumption, which makes the process sustainable as well as efficient and effective.<\/p>\n\n\n\n<div style=\"height:97px\" aria-hidden=\"true\" class=\" wp-block-spacer eplus-wrapper\"><\/div>\n\n\n\n<figure class=\" wp-block-image size-full is-resized eplus-wrapper\"><a href=\"https:\/\/cursosceae.es\/nuestro-vinculo-con-loop-la-startup-de-limpieza-y-desinfeccion-que-utiliza-iberia\/\"><img decoding=\"async\" loading=\"lazy\" src=\"https:\/\/www.weloopyou.com\/wp-content\/uploads\/2023\/03\/Loop_technical_services_diseno_dispositivos_standard_loop-1.png\" alt=\"dise\u00f1o dispositivo airlines loop nuestras noticias\" class=\"wp-image-1181\" width=\"371\" height=\"356\" srcset=\"https:\/\/www.weloopyou.com\/wp-content\/uploads\/2023\/03\/Loop_technical_services_diseno_dispositivos_standard_loop-1.png 320w, https:\/\/www.weloopyou.com\/wp-content\/uploads\/2023\/03\/Loop_technical_services_diseno_dispositivos_standard_loop-1-300x288.png 300w\" sizes=\"(max-width: 371px) 100vw, 371px\" \/><\/a><\/figure>\n<\/div>\n<\/div>\n\n<div class=\" wp-block-columns eplus-wrapper is-layout-flex wp-container-11 eplus-styles-uid-48cc40\">\n<div class=\" wp-block-column eplus-wrapper is-layout-flow\">\n<div style=\"height:17px\" aria-hidden=\"true\" class=\" wp-block-spacer eplus-wrapper\"><\/div>\n<\/div>\n<\/div>\n\n<div class=\" wp-block-columns eplus-wrapper is-layout-flex wp-container-13 eplus-styles-uid-ac31cc\">\n<div class=\" wp-block-column eplus-wrapper is-layout-flow\" style=\"flex-basis:500000000000px\">\n<figure class=\" wp-block-image size-full is-resized has-custom-border eplus-wrapper\"><a href=\"https:\/\/www.weloopyou.com\/?page_id=451\"><img decoding=\"async\" loading=\"lazy\" src=\"https:\/\/www.weloopyou.com\/wp-content\/uploads\/2023\/03\/Loop_tecnical_services_servicios-2.png\" alt=\"Loop technical services nuestras noticias\" class=\"wp-image-1146\" style=\"border-style:none;border-width:0px;border-radius:60px\" width=\"1227\" height=\"353\" srcset=\"https:\/\/www.weloopyou.com\/wp-content\/uploads\/2023\/03\/Loop_tecnical_services_servicios-2.png 1920w, https:\/\/www.weloopyou.com\/wp-content\/uploads\/2023\/03\/Loop_tecnical_services_servicios-2-300x87.png 300w, https:\/\/www.weloopyou.com\/wp-content\/uploads\/2023\/03\/Loop_tecnical_services_servicios-2-1024x295.png 1024w, https:\/\/www.weloopyou.com\/wp-content\/uploads\/2023\/03\/Loop_tecnical_services_servicios-2-768x222.png 768w, https:\/\/www.weloopyou.com\/wp-content\/uploads\/2023\/03\/Loop_tecnical_services_servicios-2-1536x443.png 1536w\" sizes=\"(max-width: 1227px) 100vw, 1227px\" \/><\/a><\/figure>\n<\/div>\n<\/div>\n\n\n<h2 class=\" wp-block-heading has-text-align-center has-text-color has-figtree-font-family eplus-wrapper\" style=\"color:#a9a8a5\">Descubre m\u00e1s sobre nosotros<\/h2>\n\n\n\n<p class=\" has-text-align-center has-figtree-font-family eplus-wrapper\">LOOP ofrece una amplia variedad de servicios relacionados con la ingenier\u00eda para una diversidad de sectores, incluyendo aeropuertos, hospitales, industria y viviendas, entre otros.<\/p>\n\n\n\n<div class=\" wp-block-group alignfull has-ti-bg-alt-background-color has-text-color has-background eplus-wrapper is-layout-flow\" style=\"color:#000000\">\n<div class=\" wp-block-buttons eplus-wrapper is-horizontal is-content-justification-center is-layout-flex wp-container-14\"><div class=\" wp-block-button has-custom-width wp-block-button__width-50 has-custom-font-size has-figtree-font-family has-normal-font-size eplus-wrapper eplus-styles-uid-6cdfda\"><a class=\"wp-block-button__link has-text-color has-background wp-element-button\" href=\"https:\/\/www.weloopyou.com\/?page_id=451\" style=\"border-radius:50px;color:#ffffff;background-color:#a9a8a5\">Leer m\u00e0s<\/a><\/div><\/div>\n\n\n\n<div style=\"height:64px\" aria-hidden=\"true\" class=\" wp-block-spacer eplus-wrapper\"><\/div>\n\n\n<h1 class=\" wp-block-heading has-text-align-center has-text-color has-figtree-font-family eplus-wrapper eplus-styles-uid-562e84\" style=\"color:#355593\">We LOOP You<\/h1>\n\n<div style=\"height:37px\" aria-hidden=\"true\" class=\" wp-block-spacer eplus-wrapper eplus-styles-uid-562e84\"><\/div>\n\n<div class=\" wp-block-buttons eplus-wrapper is-content-justification-center is-layout-flex wp-container-15 eplus-styles-uid-562e84\"><div class=\"is-style-outline wp-block-button has-figtree-font-family eplus-wrapper eplus-styles-uid-f93ebc\"><a class=\"wp-block-button__link has-text-color has-text-align-center wp-element-button\" href=\"https:\/\/www.weloopyou.com\/?page_id=472\" style=\"color:#355593\">Contacta<\/a><\/div><\/div><\/div>\n","protected":false},"excerpt":{"rendered":"<p>La reci\u00e9n creada startup espa\u00f1ola Loop&nbsp;ha dise\u00f1ado un sistema de desinfecci\u00f3n que Iberia utiliza desde este mes&nbsp;para la limpieza de sus aviones Dos ingenieros, un piloto de avi\u00f3n y un comercial han puesto en marcha esta iniciativa sin dejar sus respectivos trabajos, en base a su experiencia en el sector. Iberia Brings Innovative and Sustainable [&hellip;]<\/p>\n","protected":false},"author":2,"featured_media":1206,"parent":23,"menu_order":3,"comment_status":"closed","ping_status":"closed","template":"","meta":{"advgb_blocks_editor_width":"","advgb_blocks_columns_visual_guide":"","editor_plus_copied_stylings":"{}","_themeisle_gutenberg_block_has_review":false},"yoast_head":"<!-- This site is optimized with the Yoast SEO plugin v21.8.1 - https:\/\/yoast.com\/wordpress\/plugins\/seo\/ -->\n<title>prensa - LOOP Technical Services<\/title>\n<meta name=\"description\" content=\"En la secci\u00f3n nuestras noticias se encuentran art\u00edculos de opini\u00f3n, videos, entrevistas y otros contenidos relacionados con la marca LOOP.\" \/>\n<meta name=\"robots\" content=\"index, follow, max-snippet:-1, max-image-preview:large, max-video-preview:-1\" \/>\n<link rel=\"canonical\" href=\"https:\/\/www.weloopyou.com\/?page_id=1202\" \/>\n<meta property=\"og:locale\" content=\"es_ES\" \/>\n<meta property=\"og:type\" content=\"article\" \/>\n<meta property=\"og:title\" content=\"prensa - LOOP Technical Services\" \/>\n<meta property=\"og:description\" content=\"En la secci\u00f3n nuestras noticias se encuentran art\u00edculos de opini\u00f3n, videos, entrevistas y otros contenidos relacionados con la marca LOOP.\" \/>\n<meta property=\"og:url\" content=\"https:\/\/www.weloopyou.com\/?page_id=1202\" \/>\n<meta property=\"og:site_name\" content=\"LOOP Technical Services\" \/>\n<meta property=\"article:modified_time\" content=\"2023-10-25T20:35:53+00:00\" \/>\n<meta property=\"og:image\" content=\"https:\/\/www.weloopyou.com\/wp-content\/uploads\/2023\/03\/Loop_technical_services_diseno_dispositivos_mochila_loop-1.png\" \/>\n\t<meta property=\"og:image:width\" content=\"640\" \/>\n\t<meta property=\"og:image:height\" content=\"631\" \/>\n\t<meta property=\"og:image:type\" content=\"image\/png\" \/>\n<meta name=\"twitter:card\" content=\"summary_large_image\" \/>\n<meta name=\"twitter:label1\" content=\"Tiempo de lectura\" \/>\n\t<meta name=\"twitter:data1\" content=\"4 minutos\" \/>\n<script type=\"application\/ld+json\" class=\"yoast-schema-graph\">{\"@context\":\"https:\/\/schema.org\",\"@graph\":[{\"@type\":\"WebPage\",\"@id\":\"https:\/\/www.weloopyou.com\/?page_id=1202\",\"url\":\"https:\/\/www.weloopyou.com\/?page_id=1202\",\"name\":\"prensa - LOOP Technical Services\",\"isPartOf\":{\"@id\":\"https:\/\/www.weloopyou.com\/#website\"},\"datePublished\":\"2023-04-25T19:51:03+00:00\",\"dateModified\":\"2023-10-25T20:35:53+00:00\",\"description\":\"En la secci\u00f3n nuestras noticias se encuentran art\u00edculos de opini\u00f3n, videos, entrevistas y otros contenidos relacionados con la marca LOOP.\",\"breadcrumb\":{\"@id\":\"https:\/\/www.weloopyou.com\/?page_id=1202#breadcrumb\"},\"inLanguage\":\"es\",\"potentialAction\":[{\"@type\":\"ReadAction\",\"target\":[\"https:\/\/www.weloopyou.com\/?page_id=1202\"]}]},{\"@type\":\"BreadcrumbList\",\"@id\":\"https:\/\/www.weloopyou.com\/?page_id=1202#breadcrumb\",\"itemListElement\":[{\"@type\":\"ListItem\",\"position\":1,\"name\":\"LOOP\",\"item\":\"https:\/\/www.weloopyou.com\/\"},{\"@type\":\"ListItem\",\"position\":2,\"name\":\"Loop una consultor\u00eda de ingenier\u00eda\",\"item\":\"https:\/\/www.weloopyou.com\/\"},{\"@type\":\"ListItem\",\"position\":3,\"name\":\"prensa\"}]},{\"@type\":\"WebSite\",\"@id\":\"https:\/\/www.weloopyou.com\/#website\",\"url\":\"https:\/\/www.weloopyou.com\/\",\"name\":\"LOOP Disinfection\",\"description\":\"Loop Technical Services es una consultora de ingenier\u00eda que brinda servicios de asesoramiento, auditor\u00eda, dise\u00f1o y asistencia en la generaci\u00f3n o modificaci\u00f3n de instalaciones t\u00e9cnicas en el \u00e1mbito civil e industrial.\",\"publisher\":{\"@id\":\"https:\/\/www.weloopyou.com\/#organization\"},\"potentialAction\":[{\"@type\":\"SearchAction\",\"target\":{\"@type\":\"EntryPoint\",\"urlTemplate\":\"https:\/\/www.weloopyou.com\/?s={search_term_string}\"},\"query-input\":\"required name=search_term_string\"}],\"inLanguage\":\"es\"},{\"@type\":\"Organization\",\"@id\":\"https:\/\/www.weloopyou.com\/#organization\",\"name\":\"LOOP\",\"url\":\"https:\/\/www.weloopyou.com\/\",\"logo\":{\"@type\":\"ImageObject\",\"inLanguage\":\"es\",\"@id\":\"https:\/\/www.weloopyou.com\/#\/schema\/logo\/image\/\",\"url\":\"https:\/\/www.weloopyou.com\/wp-content\/uploads\/2020\/08\/LOGO.png\",\"contentUrl\":\"https:\/\/www.weloopyou.com\/wp-content\/uploads\/2020\/08\/LOGO.png\",\"width\":247,\"height\":86,\"caption\":\"LOOP\"},\"image\":{\"@id\":\"https:\/\/www.weloopyou.com\/#\/schema\/logo\/image\/\"},\"sameAs\":[\"https:\/\/www.instagram.com\/loop_disinfection\/\",\"https:\/\/www.linkedin.com\/company\/weloopyou\/\"]}]}<\/script>\n<!-- \/ Yoast SEO plugin. -->","yoast_head_json":{"title":"prensa - LOOP Technical Services","description":"En la secci\u00f3n nuestras noticias se encuentran art\u00edculos de opini\u00f3n, videos, entrevistas y otros contenidos relacionados con la marca LOOP.","robots":{"index":"index","follow":"follow","max-snippet":"max-snippet:-1","max-image-preview":"max-image-preview:large","max-video-preview":"max-video-preview:-1"},"canonical":"https:\/\/www.weloopyou.com\/?page_id=1202","og_locale":"es_ES","og_type":"article","og_title":"prensa - LOOP Technical Services","og_description":"En la secci\u00f3n nuestras noticias se encuentran art\u00edculos de opini\u00f3n, videos, entrevistas y otros contenidos relacionados con la marca LOOP.","og_url":"https:\/\/www.weloopyou.com\/?page_id=1202","og_site_name":"LOOP Technical Services","article_modified_time":"2023-10-25T20:35:53+00:00","og_image":[{"width":640,"height":631,"url":"https:\/\/www.weloopyou.com\/wp-content\/uploads\/2023\/03\/Loop_technical_services_diseno_dispositivos_mochila_loop-1.png","type":"image\/png"}],"twitter_card":"summary_large_image","twitter_misc":{"Tiempo de lectura":"4 minutos"},"schema":{"@context":"https:\/\/schema.org","@graph":[{"@type":"WebPage","@id":"https:\/\/www.weloopyou.com\/?page_id=1202","url":"https:\/\/www.weloopyou.com\/?page_id=1202","name":"prensa - LOOP Technical Services","isPartOf":{"@id":"https:\/\/www.weloopyou.com\/#website"},"datePublished":"2023-04-25T19:51:03+00:00","dateModified":"2023-10-25T20:35:53+00:00","description":"En la secci\u00f3n nuestras noticias se encuentran art\u00edculos de opini\u00f3n, videos, entrevistas y otros contenidos relacionados con la marca LOOP.","breadcrumb":{"@id":"https:\/\/www.weloopyou.com\/?page_id=1202#breadcrumb"},"inLanguage":"es","potentialAction":[{"@type":"ReadAction","target":["https:\/\/www.weloopyou.com\/?page_id=1202"]}]},{"@type":"BreadcrumbList","@id":"https:\/\/www.weloopyou.com\/?page_id=1202#breadcrumb","itemListElement":[{"@type":"ListItem","position":1,"name":"LOOP","item":"https:\/\/www.weloopyou.com\/"},{"@type":"ListItem","position":2,"name":"Loop una consultor\u00eda de ingenier\u00eda","item":"https:\/\/www.weloopyou.com\/"},{"@type":"ListItem","position":3,"name":"prensa"}]},{"@type":"WebSite","@id":"https:\/\/www.weloopyou.com\/#website","url":"https:\/\/www.weloopyou.com\/","name":"LOOP Disinfection","description":"Loop Technical Services es una consultora de ingenier\u00eda que brinda servicios de asesoramiento, auditor\u00eda, dise\u00f1o y asistencia en la generaci\u00f3n o modificaci\u00f3n de instalaciones t\u00e9cnicas en el \u00e1mbito civil e industrial.","publisher":{"@id":"https:\/\/www.weloopyou.com\/#organization"},"potentialAction":[{"@type":"SearchAction","target":{"@type":"EntryPoint","urlTemplate":"https:\/\/www.weloopyou.com\/?s={search_term_string}"},"query-input":"required name=search_term_string"}],"inLanguage":"es"},{"@type":"Organization","@id":"https:\/\/www.weloopyou.com\/#organization","name":"LOOP","url":"https:\/\/www.weloopyou.com\/","logo":{"@type":"ImageObject","inLanguage":"es","@id":"https:\/\/www.weloopyou.com\/#\/schema\/logo\/image\/","url":"https:\/\/www.weloopyou.com\/wp-content\/uploads\/2020\/08\/LOGO.png","contentUrl":"https:\/\/www.weloopyou.com\/wp-content\/uploads\/2020\/08\/LOGO.png","width":247,"height":86,"caption":"LOOP"},"image":{"@id":"https:\/\/www.weloopyou.com\/#\/schema\/logo\/image\/"},"sameAs":["https:\/\/www.instagram.com\/loop_disinfection\/","https:\/\/www.linkedin.com\/company\/weloopyou\/"]}]}},"coauthors":[],"author_meta":{"author_link":"https:\/\/www.weloopyou.com\/?author=2","display_name":"Luis Osorio"},"relative_dates":{"created":"Publicado 3 a\u00f1os hace","modified":"Actualizado 2 a\u00f1os hace"},"absolute_dates":{"created":"Publicado el abril 25, 2023","modified":"Actualizado el octubre 25, 2023"},"absolute_dates_time":{"created":"Publicado el abril 25, 2023 7:51 pm","modified":"Actualizado el octubre 25, 2023 8:35 pm"},"featured_img_caption":"","featured_img":"https:\/\/www.weloopyou.com\/wp-content\/uploads\/2023\/03\/Loop_technical_services_diseno_dispositivos_mochila_loop-1.png","series_order":"","_links":{"self":[{"href":"https:\/\/www.weloopyou.com\/index.php?rest_route=\/wp\/v2\/pages\/1202"}],"collection":[{"href":"https:\/\/www.weloopyou.com\/index.php?rest_route=\/wp\/v2\/pages"}],"about":[{"href":"https:\/\/www.weloopyou.com\/index.php?rest_route=\/wp\/v2\/types\/page"}],"author":[{"embeddable":true,"href":"https:\/\/www.weloopyou.com\/index.php?rest_route=\/wp\/v2\/users\/2"}],"replies":[{"embeddable":true,"href":"https:\/\/www.weloopyou.com\/index.php?rest_route=%2Fwp%2Fv2%2Fcomments&post=1202"}],"version-history":[{"count":12,"href":"https:\/\/www.weloopyou.com\/index.php?rest_route=\/wp\/v2\/pages\/1202\/revisions"}],"predecessor-version":[{"id":1801,"href":"https:\/\/www.weloopyou.com\/index.php?rest_route=\/wp\/v2\/pages\/1202\/revisions\/1801"}],"up":[{"embeddable":true,"href":"https:\/\/www.weloopyou.com\/index.php?rest_route=\/wp\/v2\/pages\/23"}],"wp:featuredmedia":[{"embeddable":true,"href":"https:\/\/www.weloopyou.com\/index.php?rest_route=\/wp\/v2\/media\/1206"}],"wp:attachment":[{"href":"https:\/\/www.weloopyou.com\/index.php?rest_route=%2Fwp%2Fv2%2Fmedia&parent=1202"}],"curies":[{"name":"wp","href":"https:\/\/api.w.org\/{rel}","templated":true}]}}