{"id":23,"date":"2020-05-09T22:48:25","date_gmt":"2020-05-09T22:48:25","guid":{"rendered":"https:\/\/www.weloopyou.com\/?page_id=23"},"modified":"2023-05-16T08:08:44","modified_gmt":"2023-05-16T08:08:44","slug":"loop_somos_consultoria_ingenieria","status":"publish","type":"page","link":"https:\/\/www.weloopyou.com\/","title":{"rendered":"Loop una consultor\u00eda de ingenier\u00eda"},"content":{"rendered":"\n<p class=\" eplus-wrapper\">En Loop somos una consultor\u00eda de ingenier\u00eda con una red de ingenieros, arquitectos y dise\u00f1adores comprometidos con la sostenibilidad. Nos enfocamos en dise\u00f1ar soluciones innovadoras, eficientes y responsables con el entorno que abordan los desaf\u00edos de ingenier\u00eda, con el fin de contribuir a un futuro m\u00e1s sostenible y habitable para todos.<\/p>\n\n\n\n<figure class=\" wp-block-image size-large eplus-wrapper\"><img decoding=\"async\" src=\"https:\/\/www.weloopyou.com\/wp-content\/uploads\/2023\/02\/LOOP_technical_services_consultora-1024x887.png\" alt=\"Loop somos una consultor\u00eda de ingenier\u00eda, proyectos en instalaciones\" class=\"wp-image-900\"\/><\/figure>\n\n\n\n<figure class=\" wp-block-image size-large eplus-wrapper\"><a href=\"https:\/\/www.weloopyou.com\/?page_id=451\"><img decoding=\"async\" src=\"https:\/\/www.weloopyou.com\/wp-content\/uploads\/2023\/02\/RESIDENCIA_ESTUDIANTES_loop_technical_services-1-1024x991.png\" alt=\"Loop somos una consultor\u00eda de ingenier\u00eda, Modelado en 3D\" class=\"wp-image-927\"\/><\/a><\/figure>\n\n\n\n<h2 class=\" wp-block-heading eplus-wrapper\">Loop somos una consultor\u00eda de ingenier\u00eda<\/h2>\n\n\n\n<p class=\" eplus-wrapper\">&#8220;Startup para desinfectar aviones que ya ha cautivado a Iberia&#8221;<\/p>\n\n\n\n<p class=\" eplus-wrapper\"><a href=\"https:\/\/www.businessinsider.es\/loop-startup-espanola-cuyo-sistema-desinfeccion-gusta-iberia-704065\"><strong>La reci\u00e9n creada startup espa\u00f1ola Loop&nbsp;ha dise\u00f1ado un sistema de desinfecci\u00f3n que ahora utiliza&nbsp;Iberia<\/strong>&nbsp;para la limpieza de sus aviones.&nbsp;<\/a><\/p>\n\n\n\n<h2 class=\" wp-block-heading eplus-wrapper\"><strong>Dise\u00f1o de dispositivos<\/strong><\/h2>\n\n\n\n<p class=\" eplus-wrapper\">Gesti\u00f3n de procesos de creaci\u00f3n y desarrollo de dispositivos electr\u00f3nicos, mec\u00e1nicos, electromec\u00e1nicos, entre otros, para satisfacer las necesidades espec\u00edficas de los clientes.<\/p>\n\n\n\n<figure class=\" wp-block-image size-full eplus-wrapper\"><img decoding=\"async\" loading=\"lazy\" width=\"469\" height=\"471\" src=\"https:\/\/www.weloopyou.com\/wp-content\/uploads\/2023\/02\/portable_loop_tecnical_services_2.png\" alt=\"Loop somos una consultor\u00eda de ingenier\u00eda, dise\u00f1o de dispositivos\" class=\"wp-image-641\" srcset=\"https:\/\/www.weloopyou.com\/wp-content\/uploads\/2023\/02\/portable_loop_tecnical_services_2.png 469w, https:\/\/www.weloopyou.com\/wp-content\/uploads\/2023\/02\/portable_loop_tecnical_services_2-300x300.png 300w, https:\/\/www.weloopyou.com\/wp-content\/uploads\/2023\/02\/portable_loop_tecnical_services_2-150x150.png 150w\" sizes=\"(max-width: 469px) 100vw, 469px\" \/><\/figure>\n\n\n\n<h2 class=\" wp-block-heading eplus-wrapper\"><strong>PROYECTOS DE INSTALACIONES<\/strong> LOOP SOMOS UNA CONSULTOR\u00cdA DE INGENIER\u00cdA <\/h2>\n\n\n\n<p class=\" eplus-wrapper\">Los proyectos requieren de un enfoque  personalizado, adem\u00e1s de una planificaci\u00f3n y gesti\u00f3n \u00fanica. Para cada situaci\u00f3n se requiere un equipo diferente que sepa abordar los desaf\u00edos y objetivos espec\u00edficos.<\/p>\n\n\n\n<h2 class=\" wp-block-heading eplus-wrapper\"><strong>Modelado<\/strong><\/h2>\n\n\n\n<p class=\" eplus-wrapper\">Permite crear modelos detallados de edificios, incluyendo estructuras, sistemas,&#8230; El modelado en CAD y REVIT permite ayudar a optimizar la construcci\u00f3n del edificio entre otras cosas.<\/p>\n\n\n\n<h2 class=\" wp-block-heading eplus-wrapper\"><strong><a href=\"https:\/\/www.weloopyou.com\/?page_id=451\">PROYECTOS DE SISTEMAS<\/a><\/strong><\/h2>\n\n\n\n<p class=\" eplus-wrapper\">Desde LOOP gestionamos la planificaci\u00f3n, dise\u00f1o e implementaci\u00f3n de sistemas complejos en la industria.<\/p>\n\n\n\n<h2 class=\" wp-block-heading eplus-wrapper\"><strong><a href=\"https:\/\/www.weloopyou.com\/?page_id=804(abre en una nueva pesta\u00f1a)\">REDUCCI\u00d3N DE HUELLA CO2<\/a><\/strong><\/h2>\n\n\n\n<p class=\" eplus-wrapper\">LOOP promueve la sostenibilidad en el dise\u00f1o  para garantizar un futuro m\u00e1s saludable y sostenible a largo plazo.<\/p>\n\n\n\n<h2 class=\" wp-block-heading eplus-wrapper\"><a href=\"https:\/\/www.weloopyou.com\/?page_id=472\">\u00bfUN PROYECTO EN MENTE?<\/a> LOOP SOMOS UNA CONSULTOR\u00cdA DE INGENIER\u00cdA<\/h2>\n\n\n\n<p class=\" eplus-wrapper\">LOOP puede ayudarte a desarrollar tu proyecto con el enfoque correcto, la motivaci\u00f3n y el apoyo adecuado.<\/p>\n\n\n\n<h2 class=\" wp-block-heading eplus-wrapper\">Nuestros valores<\/h2>\n\n\n\n<p class=\" eplus-wrapper\">Generar confianza en la sociedad y resolver problemas bas\u00e1ndonos en la constante innovaci\u00f3n y el deseo de aprender, crecer y descubrir formas de crear experiencias excepcionales.<\/p>\n\n\n\n<p class=\" eplus-wrapper\">Nuestros valores y comportamientos definen las expectativas que tenemos para trabajar junto nuestros clientes. A pesar de contextos y culturas diferentes, son lo que tenemos en com\u00fan. Recogen nuestras aspiraciones y expectativas compartidas, y gu\u00edan c\u00f3mo tomamos decisiones y tratamos a los dem\u00e1s.<\/p>\n\n\n\n<p class=\" eplus-wrapper\">Nuestro C\u00f3digo de Conducta se basa en el Prop\u00f3sito de LOOP y en el conjunto de nuestros valores anteriormente expuestos.<\/p>\n\n\n\n<h2 class=\" wp-block-heading eplus-wrapper\">PROP\u00d3SITO<\/h2>\n\n\n\n<p class=\" eplus-wrapper\">El prop\u00f3sito de LOOP es resolver problemas importantes y generar integraciones sostenibles en el tiempo para tener un futuro mejor. Somos una red ingenieros, arquitectos y dise\u00f1adores profesionales comprometidos en ofrecer servicios de eficiencia energ\u00e9tica, dise\u00f1o de dispositivos, reducci\u00f3n huella de CO<sub>2<\/sub>, proyectos de sistemas industriales e instalaciones.<\/p>\n\n\n\n<h2 class=\" wp-block-heading eplus-wrapper\">QUIENES SOMOS<\/h2>\n\n\n\n<p class=\" eplus-wrapper\">LOOP es una consultora de ingenier\u00eda que desarrolla proyectos de forma \u00e1gil y din\u00e1mica, lo que le permite tener una visi\u00f3n de futuro, que trasmite a sus clientes.<\/p>\n\n\n\n<p class=\" eplus-wrapper\"><strong>Combinamos creatividad, experiencia e innovaci\u00f3n tecnol\u00f3gica para ofrecer resultados sostenidos y generar confianza<\/strong><\/p>\n\n\n\n<p class=\" eplus-wrapper\">La creatividad permite a los dise\u00f1adores e ingenieros encontrar soluciones innovadoras y eficientes para abordar los desaf\u00edos que se presentan en los proyectos. La experiencia, por su parte, proporciona un conocimiento profundo y una comprensi\u00f3n de los factores clave que influyen en el \u00e9xito de los proyectos.<\/p>\n\n\n\n<p class=\" eplus-wrapper\">Por \u00faltimo, la innovaci\u00f3n tecnol\u00f3gica permite el uso de herramientas y soluciones avanzadas que mejoran la eficiencia y reducen el impacto ambiental de los proyectos.<\/p>\n\n\n\n<p class=\" eplus-wrapper\">LOOP re\u00fane a una comunidad diversa de profesionales de diferentes \u00e1reas de la ingenier\u00eda, para poder abordar los desaf\u00edos que presentan nuestros diferentes clientes de una forma innovadora y sostenible en el tiempo. Al tener una variedad de perspectivas y habilidades en la red, se pueden desarrollar soluciones m\u00e1s cualificadas y efectivas para los desaf\u00edos de del futuro.<\/p>\n","protected":false},"excerpt":{"rendered":"<p>En Loop somos una consultor\u00eda de ingenier\u00eda con una red de ingenieros, arquitectos y dise\u00f1adores comprometidos con la sostenibilidad. Nos enfocamos en dise\u00f1ar soluciones innovadoras, eficientes y responsables con el entorno que abordan los desaf\u00edos de ingenier\u00eda, con el fin de contribuir a un futuro m\u00e1s sostenible y habitable para todos. Loop somos una consultor\u00eda [&hellip;]<\/p>\n","protected":false},"author":1,"featured_media":1541,"parent":0,"menu_order":1,"comment_status":"closed","ping_status":"closed","template":"","meta":{"advgb_blocks_editor_width":"","advgb_blocks_columns_visual_guide":"","editor_plus_copied_stylings":"{}","_themeisle_gutenberg_block_has_review":false},"yoast_head":"<!-- This site is optimized with the Yoast SEO plugin v21.8.1 - https:\/\/yoast.com\/wordpress\/plugins\/seo\/ -->\n<title>Loop una consultor\u00eda de ingenier\u00eda - LOOP Technical Services<\/title>\n<meta name=\"description\" content=\"En Loop somos una consultor\u00eda de ingenier\u00eda con una red de ingenieros, arquitectos y dise\u00f1adores comprometidos con la sostenibilidad.\" \/>\n<meta name=\"robots\" content=\"index, follow, max-snippet:-1, max-image-preview:large, max-video-preview:-1\" \/>\n<link rel=\"canonical\" href=\"https:\/\/www.weloopyou.com\/\" \/>\n<meta property=\"og:locale\" content=\"es_ES\" \/>\n<meta property=\"og:type\" content=\"article\" \/>\n<meta property=\"og:title\" content=\"Loop una consultor\u00eda de ingenier\u00eda - LOOP Technical Services\" \/>\n<meta property=\"og:description\" content=\"En Loop somos una consultor\u00eda de ingenier\u00eda con una red de ingenieros, arquitectos y dise\u00f1adores comprometidos con la sostenibilidad.\" \/>\n<meta property=\"og:url\" content=\"https:\/\/www.weloopyou.com\/\" \/>\n<meta property=\"og:site_name\" content=\"LOOP Technical Services\" \/>\n<meta property=\"article:modified_time\" content=\"2023-05-16T08:08:44+00:00\" \/>\n<meta property=\"og:image\" content=\"https:\/\/www.weloopyou.com\/wp-content\/uploads\/2023\/05\/LOOP_technical_services_Feria_FEINDEF_2023_miniatura1.png\" \/>\n\t<meta property=\"og:image:width\" content=\"194\" \/>\n\t<meta property=\"og:image:height\" content=\"195\" \/>\n\t<meta property=\"og:image:type\" content=\"image\/png\" \/>\n<meta name=\"twitter:card\" content=\"summary_large_image\" \/>\n<meta name=\"twitter:label1\" content=\"Tiempo de lectura\" \/>\n\t<meta name=\"twitter:data1\" content=\"4 minutos\" \/>\n<script type=\"application\/ld+json\" class=\"yoast-schema-graph\">{\"@context\":\"https:\/\/schema.org\",\"@graph\":[{\"@type\":\"WebPage\",\"@id\":\"https:\/\/www.weloopyou.com\/\",\"url\":\"https:\/\/www.weloopyou.com\/\",\"name\":\"Loop una consultor\u00eda de ingenier\u00eda - LOOP Technical Services\",\"isPartOf\":{\"@id\":\"https:\/\/www.weloopyou.com\/#website\"},\"datePublished\":\"2020-05-09T22:48:25+00:00\",\"dateModified\":\"2023-05-16T08:08:44+00:00\",\"description\":\"En Loop somos una consultor\u00eda de ingenier\u00eda con una red de ingenieros, arquitectos y dise\u00f1adores comprometidos con la sostenibilidad.\",\"breadcrumb\":{\"@id\":\"https:\/\/www.weloopyou.com\/#breadcrumb\"},\"inLanguage\":\"es\",\"potentialAction\":[{\"@type\":\"ReadAction\",\"target\":[\"https:\/\/www.weloopyou.com\/\"]}]},{\"@type\":\"BreadcrumbList\",\"@id\":\"https:\/\/www.weloopyou.com\/#breadcrumb\",\"itemListElement\":[{\"@type\":\"ListItem\",\"position\":1,\"name\":\"LOOP\",\"item\":\"https:\/\/www.weloopyou.com\/\"},{\"@type\":\"ListItem\",\"position\":2,\"name\":\"Loop una consultor\u00eda de ingenier\u00eda\"}]},{\"@type\":\"WebSite\",\"@id\":\"https:\/\/www.weloopyou.com\/#website\",\"url\":\"https:\/\/www.weloopyou.com\/\",\"name\":\"LOOP Disinfection\",\"description\":\"Loop Technical Services es una consultora de ingenier\u00eda que brinda servicios de asesoramiento, auditor\u00eda, dise\u00f1o y asistencia en la generaci\u00f3n o modificaci\u00f3n de instalaciones t\u00e9cnicas en el \u00e1mbito civil e industrial.\",\"publisher\":{\"@id\":\"https:\/\/www.weloopyou.com\/#organization\"},\"potentialAction\":[{\"@type\":\"SearchAction\",\"target\":{\"@type\":\"EntryPoint\",\"urlTemplate\":\"https:\/\/www.weloopyou.com\/?s={search_term_string}\"},\"query-input\":\"required name=search_term_string\"}],\"inLanguage\":\"es\"},{\"@type\":\"Organization\",\"@id\":\"https:\/\/www.weloopyou.com\/#organization\",\"name\":\"LOOP\",\"url\":\"https:\/\/www.weloopyou.com\/\",\"logo\":{\"@type\":\"ImageObject\",\"inLanguage\":\"es\",\"@id\":\"https:\/\/www.weloopyou.com\/#\/schema\/logo\/image\/\",\"url\":\"https:\/\/www.weloopyou.com\/wp-content\/uploads\/2020\/08\/LOGO.png\",\"contentUrl\":\"https:\/\/www.weloopyou.com\/wp-content\/uploads\/2020\/08\/LOGO.png\",\"width\":247,\"height\":86,\"caption\":\"LOOP\"},\"image\":{\"@id\":\"https:\/\/www.weloopyou.com\/#\/schema\/logo\/image\/\"},\"sameAs\":[\"https:\/\/www.instagram.com\/loop_disinfection\/\",\"https:\/\/www.linkedin.com\/company\/weloopyou\/\"]}]}<\/script>\n<!-- \/ Yoast SEO plugin. -->","yoast_head_json":{"title":"Loop una consultor\u00eda de ingenier\u00eda - LOOP Technical Services","description":"En Loop somos una consultor\u00eda de ingenier\u00eda con una red de ingenieros, arquitectos y dise\u00f1adores comprometidos con la sostenibilidad.","robots":{"index":"index","follow":"follow","max-snippet":"max-snippet:-1","max-image-preview":"max-image-preview:large","max-video-preview":"max-video-preview:-1"},"canonical":"https:\/\/www.weloopyou.com\/","og_locale":"es_ES","og_type":"article","og_title":"Loop una consultor\u00eda de ingenier\u00eda - LOOP Technical Services","og_description":"En Loop somos una consultor\u00eda de ingenier\u00eda con una red de ingenieros, arquitectos y dise\u00f1adores comprometidos con la sostenibilidad.","og_url":"https:\/\/www.weloopyou.com\/","og_site_name":"LOOP Technical Services","article_modified_time":"2023-05-16T08:08:44+00:00","og_image":[{"width":194,"height":195,"url":"https:\/\/www.weloopyou.com\/wp-content\/uploads\/2023\/05\/LOOP_technical_services_Feria_FEINDEF_2023_miniatura1.png","type":"image\/png"}],"twitter_card":"summary_large_image","twitter_misc":{"Tiempo de lectura":"4 minutos"},"schema":{"@context":"https:\/\/schema.org","@graph":[{"@type":"WebPage","@id":"https:\/\/www.weloopyou.com\/","url":"https:\/\/www.weloopyou.com\/","name":"Loop una consultor\u00eda de ingenier\u00eda - LOOP Technical Services","isPartOf":{"@id":"https:\/\/www.weloopyou.com\/#website"},"datePublished":"2020-05-09T22:48:25+00:00","dateModified":"2023-05-16T08:08:44+00:00","description":"En Loop somos una consultor\u00eda de ingenier\u00eda con una red de ingenieros, arquitectos y dise\u00f1adores comprometidos con la sostenibilidad.","breadcrumb":{"@id":"https:\/\/www.weloopyou.com\/#breadcrumb"},"inLanguage":"es","potentialAction":[{"@type":"ReadAction","target":["https:\/\/www.weloopyou.com\/"]}]},{"@type":"BreadcrumbList","@id":"https:\/\/www.weloopyou.com\/#breadcrumb","itemListElement":[{"@type":"ListItem","position":1,"name":"LOOP","item":"https:\/\/www.weloopyou.com\/"},{"@type":"ListItem","position":2,"name":"Loop una consultor\u00eda de ingenier\u00eda"}]},{"@type":"WebSite","@id":"https:\/\/www.weloopyou.com\/#website","url":"https:\/\/www.weloopyou.com\/","name":"LOOP Disinfection","description":"Loop Technical Services es una consultora de ingenier\u00eda que brinda servicios de asesoramiento, auditor\u00eda, dise\u00f1o y asistencia en la generaci\u00f3n o modificaci\u00f3n de instalaciones t\u00e9cnicas en el \u00e1mbito civil e industrial.","publisher":{"@id":"https:\/\/www.weloopyou.com\/#organization"},"potentialAction":[{"@type":"SearchAction","target":{"@type":"EntryPoint","urlTemplate":"https:\/\/www.weloopyou.com\/?s={search_term_string}"},"query-input":"required name=search_term_string"}],"inLanguage":"es"},{"@type":"Organization","@id":"https:\/\/www.weloopyou.com\/#organization","name":"LOOP","url":"https:\/\/www.weloopyou.com\/","logo":{"@type":"ImageObject","inLanguage":"es","@id":"https:\/\/www.weloopyou.com\/#\/schema\/logo\/image\/","url":"https:\/\/www.weloopyou.com\/wp-content\/uploads\/2020\/08\/LOGO.png","contentUrl":"https:\/\/www.weloopyou.com\/wp-content\/uploads\/2020\/08\/LOGO.png","width":247,"height":86,"caption":"LOOP"},"image":{"@id":"https:\/\/www.weloopyou.com\/#\/schema\/logo\/image\/"},"sameAs":["https:\/\/www.instagram.com\/loop_disinfection\/","https:\/\/www.linkedin.com\/company\/weloopyou\/"]}]}},"coauthors":[],"author_meta":{"author_link":"https:\/\/www.weloopyou.com\/?author=1","display_name":"admin"},"relative_dates":{"created":"Publicado 6 a\u00f1os hace","modified":"Actualizado 3 a\u00f1os hace"},"absolute_dates":{"created":"Publicado el mayo 9, 2020","modified":"Actualizado el mayo 16, 2023"},"absolute_dates_time":{"created":"Publicado el mayo 9, 2020 10:48 pm","modified":"Actualizado el mayo 16, 2023 8:08 am"},"featured_img_caption":"","featured_img":"https:\/\/www.weloopyou.com\/wp-content\/uploads\/2023\/05\/LOOP_technical_services_Feria_FEINDEF_2023_miniatura1.png","series_order":"","_links":{"self":[{"href":"https:\/\/www.weloopyou.com\/index.php?rest_route=\/wp\/v2\/pages\/23"}],"collection":[{"href":"https:\/\/www.weloopyou.com\/index.php?rest_route=\/wp\/v2\/pages"}],"about":[{"href":"https:\/\/www.weloopyou.com\/index.php?rest_route=\/wp\/v2\/types\/page"}],"author":[{"embeddable":true,"href":"https:\/\/www.weloopyou.com\/index.php?rest_route=\/wp\/v2\/users\/1"}],"replies":[{"embeddable":true,"href":"https:\/\/www.weloopyou.com\/index.php?rest_route=%2Fwp%2Fv2%2Fcomments&post=23"}],"version-history":[{"count":180,"href":"https:\/\/www.weloopyou.com\/index.php?rest_route=\/wp\/v2\/pages\/23\/revisions"}],"predecessor-version":[{"id":1540,"href":"https:\/\/www.weloopyou.com\/index.php?rest_route=\/wp\/v2\/pages\/23\/revisions\/1540"}],"wp:featuredmedia":[{"embeddable":true,"href":"https:\/\/www.weloopyou.com\/index.php?rest_route=\/wp\/v2\/media\/1541"}],"wp:attachment":[{"href":"https:\/\/www.weloopyou.com\/index.php?rest_route=%2Fwp%2Fv2%2Fmedia&parent=23"}],"curies":[{"name":"wp","href":"https:\/\/api.w.org\/{rel}","templated":true}]}}