{"id":472,"date":"2021-04-21T16:17:56","date_gmt":"2021-04-21T16:17:56","guid":{"rendered":"https:\/\/www.weloopyou.com\/?page_id=472"},"modified":"2023-05-23T07:52:17","modified_gmt":"2023-05-23T07:52:17","slug":"contacto_loop","status":"publish","type":"page","link":"https:\/\/www.weloopyou.com\/?page_id=472","title":{"rendered":"CONTACTO"},"content":{"rendered":"\n<h2 class=\" wp-block-heading alignfull has-text-align-center has-figtree-font-family has-huge-font-size eplus-wrapper\" id=\"contacto--4f2affed-d07b-434c-847b-352a841779d2\">CONTACTO <\/h2>\n\n\n\n<div style=\"height:44px\" aria-hidden=\"true\" class=\" wp-block-spacer eplus-wrapper\"><\/div>\n\n\n\n<p class=\" has-text-align-center has-figtree-font-family eplus-wrapper\" style=\"font-size:18px\">Ponerse en contacto con LOOP significa estar un paso m\u00e1s cerca de los servicios que necesitas, con nosotros podr\u00e1s tener servicios de eficiencia energ\u00e9tica, dise\u00f1o y fabricaci\u00f3n de dispositivos, reducci\u00f3n huella de CO<sub>2<\/sub>, proyectos de sistemas industriales e instalaciones a clientes tanto p\u00fablicos como privados.<\/p>\n\n\n\n<div id=\"wp-block-themeisle-blocks-advanced-columns-92774b27\" class=\"wp-block-themeisle-blocks-advanced-columns alignfull has-2-columns has-desktop-equal-layout has-tablet-equal-layout has-mobile-collapsedRows-layout has-vertical-top ticss-c00aadba\"><div class=\"wp-block-themeisle-blocks-advanced-columns-overlay\"><\/div><div class=\"innerblocks-wrap\">\n<div id=\"wp-block-themeisle-blocks-advanced-column-c781dc34\" class=\"wp-block-themeisle-blocks-advanced-column\">\n<h2 id=\"wp-block-themeisle-blocks-advanced-heading-abb12bc6\" class=\"wp-block-themeisle-blocks-advanced-heading wp-block-themeisle-blocks-advanced-heading-abb12bc6\">Contacta LOOP<\/h2>\n\n\n\n<p class=\" has-figtree-font-family eplus-wrapper\">Ponte en contacto con LOOP a trav\u00e9s de nuestro n\u00famero de tel\u00e9fono, nuestro email o nuestras redes sociales. <br>De cualquiera de las maneras estaremos encantados de ponernos en contacto contigo.  <\/p>\n\n\n\n<div id=\"wp-block-themeisle-blocks-icon-list-d87ee152\" class=\"wp-block-themeisle-blocks-icon-list\">\n<div id=\"wp-block-themeisle-blocks-icon-list-item-40fce619\" class=\"wp-block-themeisle-blocks-icon-list-item\"><i class=\"fas fa-phone wp-block-themeisle-blocks-icon-list-item-icon\"><\/i><p class=\"wp-block-themeisle-blocks-icon-list-item-content\">+34 651526095<\/p><\/div>\n\n\n\n<div id=\"wp-block-themeisle-blocks-icon-list-item-a927d2b5\" class=\"wp-block-themeisle-blocks-icon-list-item\"><i class=\"far fa-envelope wp-block-themeisle-blocks-icon-list-item-icon\"><\/i><p class=\"wp-block-themeisle-blocks-icon-list-item-content\">loop@weloopyou.com<\/p><\/div>\n<\/div>\n\n\n\n<div style=\"height:20px\" aria-hidden=\"true\" class=\" wp-block-spacer eplus-wrapper\"><\/div>\n\n\n\n<p id=\"wp-block-themeisle-blocks-advanced-heading-ce629f1f\" class=\"wp-block-themeisle-blocks-advanced-heading wp-block-themeisle-blocks-advanced-heading-ce629f1f\"><strong>Follow on Social<\/strong><\/p>\n<\/div>\n\n\n\n<div id=\"wp-block-themeisle-blocks-advanced-column-ee3078f9\" class=\"wp-block-themeisle-blocks-advanced-column\">\n<figure class=\" wp-block-image alignright size-full is-resized eplus-wrapper\"><img decoding=\"async\" loading=\"lazy\" src=\"https:\/\/www.weloopyou.com\/wp-content\/uploads\/2023\/05\/Ipad_loop_technical_services.png\" alt=\"Contacto LOOP technical Services IPad\" class=\"wp-image-1651\" width=\"402\" height=\"272\" srcset=\"https:\/\/www.weloopyou.com\/wp-content\/uploads\/2023\/05\/Ipad_loop_technical_services.png 640w, https:\/\/www.weloopyou.com\/wp-content\/uploads\/2023\/05\/Ipad_loop_technical_services-300x203.png 300w\" sizes=\"(max-width: 402px) 100vw, 402px\" \/><\/figure>\n<\/div>\n<\/div><\/div>\n\n\n<p class=\" eplus-styles-uid-e76a9f\">\n<!-- This file should primarily consist of HTML with a little bit of PHP. -->\n<div class=\"app-flo-forms app-flo-forms_1497\" data-form_id=\"1497\">\n  <form class=\"flo-form\" enctype=\"multipart\/form-data\" >\n    <flo-form v-bind:form_id=\"1497\"><\/flo-form>\n    <input type=\"hidden\" name=\"flo_fid\" value=\"1497\">\n    <div class=\"flo overlay-loader\">\n      <div class=\"loader\"><div><\/div><div><\/div><div><\/div><div><\/div><div><\/div><div><\/div><div><\/div><\/div>\n    <\/div>\n    <div class=\"flo-response\"><\/div>\n    <div class=\"flo-response-error\"><\/div>\n  <\/form>\n<\/div><\/p>\n\n\n<h2 class=\" wp-block-heading has-text-align-center has-text-color has-figtree-font-family eplus-wrapper\" id=\"weloopyou-a399f200-27b6-4f02-8cea-d501c002dff7\" style=\"color:#355593\"><strong>#WeLOOPyou<\/strong><\/h2>\n\n\n\n<div style=\"height:29px\" aria-hidden=\"true\" class=\" wp-block-spacer eplus-wrapper\"><\/div>\n\n\n<div class=\" wp-block-columns alignfull eplus-wrapper is-layout-flex wp-container-6 eplus-styles-uid-c742ff\">\n<div class=\" wp-block-column eplus-wrapper is-layout-flow\" style=\"flex-basis:50%\">\n<div class=\" wp-block-cover is-light eplus-wrapper\" style=\"min-height:600px\"><span aria-hidden=\"true\" class=\"wp-block-cover__background has-background-dim-100 has-background-dim\" style=\"background-color:#f6f6f6\"><\/span><div class=\"wp-block-cover__inner-container\">\n<figure class=\" wp-block-image aligncenter size-large eplus-wrapper\"><img decoding=\"async\" loading=\"lazy\" width=\"1024\" height=\"971\" src=\"https:\/\/www.weloopyou.com\/wp-content\/uploads\/2023\/02\/Estructuras_hormigon_loop_technical_services-1024x971.png\" alt=\"Estructuras de Hormig\u00f3n loop technical services\" class=\"wp-image-1072\" srcset=\"https:\/\/www.weloopyou.com\/wp-content\/uploads\/2023\/02\/Estructuras_hormigon_loop_technical_services-1024x971.png 1024w, https:\/\/www.weloopyou.com\/wp-content\/uploads\/2023\/02\/Estructuras_hormigon_loop_technical_services-300x284.png 300w, https:\/\/www.weloopyou.com\/wp-content\/uploads\/2023\/02\/Estructuras_hormigon_loop_technical_services-768x728.png 768w, https:\/\/www.weloopyou.com\/wp-content\/uploads\/2023\/02\/Estructuras_hormigon_loop_technical_services-1536x1456.png 1536w, https:\/\/www.weloopyou.com\/wp-content\/uploads\/2023\/02\/Estructuras_hormigon_loop_technical_services.png 1698w\" sizes=\"(max-width: 1024px) 100vw, 1024px\" \/><\/figure>\n<\/div><\/div>\n<\/div>\n\n\n\n<div class=\" wp-block-column is-vertically-aligned-center eplus-wrapper is-layout-flow\" style=\"padding-top:1em;padding-right:1em;padding-bottom:1em;padding-left:1em\"><div class=\" wp-block-columns has-figtree-font-family eplus-wrapper is-layout-flex wp-container-4 eplus-styles-uid-5017fd\">\n<div class=\" wp-block-column eplus-wrapper is-layout-flow\" style=\"flex-basis:320px\">\n<p class=\" has-medium-font-size eplus-wrapper\" style=\"line-height:1.6\"><strong>Estructuras de hormig\u00f3n<\/strong><\/p>\n\n\n\n<p class=\" has-text-align-left has-small-font-size eplus-wrapper\" style=\"line-height:1.6\">Las estructuras de hormig\u00f3n son una opci\u00f3n popular en la construcci\u00f3n debido a sus ventajas, como su alta resistencia a la compresi\u00f3n y la flexi\u00f3n, su durabilidad y su capacidad para resistir cargas y fuerzas severas.<br>Sin embargo, tambi\u00e9n hay desventajas, como el peso y la rigidez del hormig\u00f3n, que pueden ser un problema en estructuras de gran envergadura o en terrenos inestables.<br>El c\u00e1lculo de las estructuras de hormig\u00f3n es un proceso que involucra el an\u00e1lisis matem\u00e1tico y t\u00e9cnico de la estructura para determinar sus capacidades y limitaciones y asegurar su seguridad y estabilidad.<br>se realiza utilizando una combinaci\u00f3n de c\u00e1lculos matem\u00e1ticos y herramientas de software especializadas, como programas de an\u00e1lisis estructural.<\/p>\n\n\n\n<div class=\" wp-block-buttons eplus-wrapper is-layout-flex\"><div class=\" wp-block-button eplus-wrapper eplus-styles-uid-7b2490\"><a class=\"wp-block-button__link wp-element-button\">Descubre m\u00e1s<\/a><\/div><\/div>\n<\/div>\n<\/div><\/div>\n<\/div>\n\n\n\n<div class=\" wp-block-columns alignfull has-text-color has-background has-figtree-font-family eplus-wrapper is-layout-flex wp-container-10 eplus-styles-uid-07712c\" style=\"color:#000000;background-color:#f5f6f0\">\n<div class=\" wp-block-column eplus-wrapper is-layout-flow\">\n<h3 class=\" wp-block-heading eplus-wrapper\" id=\"disenamos-contigo--36a7f1ca-2f11-411a-a0f9-0908d45453b9\" style=\"font-size:24px;line-height:1.3\"><strong><a href=\"https:\/\/www.weloopyou.com\/?page_id=451\">Dise\u00f1amos contigo <\/a><\/strong><\/h3>\n\n\n\n<p class=\" eplus-wrapper\">Desarrollamos proyectos de forma \u00e1gil y din\u00e1mica.<\/p>\n<\/div>\n\n\n\n<div class=\" wp-block-column eplus-wrapper is-layout-flow\">\n<h3 class=\" wp-block-heading eplus-wrapper\" id=\"prensa--cbe97ecd-7407-44be-b6fd-349d213ef2cb\" style=\"font-size:24px;line-height:1.3\"><strong><a href=\"https:\/\/es.wordpress.org\" target=\"_blank\" rel=\"noreferrer noopener\">Prensa <\/a><\/strong><\/h3>\n\n\n\n<p class=\" eplus-wrapper\">Conoce nuestros proyectos publicados <\/p>\n<\/div>\n\n\n\n<div class=\" wp-block-column eplus-wrapper is-layout-flow\">\n<h3 class=\" wp-block-heading eplus-wrapper\" id=\"sostenibilidad--b77bc2b6-9675-40bf-92c9-445d5ce42f3e\" style=\"font-size:24px;line-height:1.3\"><strong><a href=\"https:\/\/es.wordpress.org\">Sostenibilidad <\/a><\/strong><\/h3>\n\n\n\n<p class=\" eplus-wrapper\">Promovemos la sostenibilidad en todas nuestras soluciones, utilizando materiales y procesos am<\/p>\n<\/div>\n<\/div>","protected":false},"excerpt":{"rendered":"<p>CONTACTO Ponerse en contacto con LOOP significa estar un paso m\u00e1s cerca de los servicios que necesitas, con nosotros podr\u00e1s tener servicios de eficiencia energ\u00e9tica, dise\u00f1o y fabricaci\u00f3n de dispositivos, reducci\u00f3n huella de CO2, proyectos de sistemas industriales e instalaciones a clientes tanto p\u00fablicos como privados. #WeLOOPyou Estructuras de hormig\u00f3n Las estructuras de hormig\u00f3n son [&hellip;]<\/p>\n","protected":false},"author":2,"featured_media":754,"parent":572,"menu_order":5,"comment_status":"closed","ping_status":"closed","template":"","meta":{"advgb_blocks_editor_width":"","advgb_blocks_columns_visual_guide":"","editor_plus_copied_stylings":"{}","_themeisle_gutenberg_block_has_review":false},"yoast_head":"<!-- This site is optimized with the Yoast SEO plugin v21.8.1 - https:\/\/yoast.com\/wordpress\/plugins\/seo\/ -->\n<title>CONTACTO - LOOP Technical Services<\/title>\n<meta name=\"description\" content=\"El en contacto con Loop significa estar un paso m\u00e1s cerca de los servicios que necesitas, proyectos de sistemas industriales e instalaciones.\" \/>\n<meta name=\"robots\" content=\"index, follow, max-snippet:-1, max-image-preview:large, max-video-preview:-1\" \/>\n<link rel=\"canonical\" href=\"https:\/\/www.weloopyou.com\/?page_id=472\" \/>\n<meta property=\"og:locale\" content=\"es_ES\" \/>\n<meta property=\"og:type\" content=\"article\" \/>\n<meta property=\"og:title\" content=\"CONTACTO - LOOP Technical Services\" \/>\n<meta property=\"og:description\" content=\"El en contacto con Loop significa estar un paso m\u00e1s cerca de los servicios que necesitas, proyectos de sistemas industriales e instalaciones.\" \/>\n<meta property=\"og:url\" content=\"https:\/\/www.weloopyou.com\/?page_id=472\" \/>\n<meta property=\"og:site_name\" content=\"LOOP Technical Services\" \/>\n<meta property=\"article:modified_time\" content=\"2023-05-23T07:52:17+00:00\" \/>\n<meta property=\"og:image\" content=\"https:\/\/www.weloopyou.com\/wp-content\/uploads\/2023\/02\/Contacto_loop_technical_services-1-1024x800.png\" \/>\n\t<meta property=\"og:image:width\" content=\"1024\" \/>\n\t<meta property=\"og:image:height\" content=\"800\" \/>\n\t<meta property=\"og:image:type\" content=\"image\/png\" \/>\n<meta name=\"twitter:card\" content=\"summary_large_image\" \/>\n<meta name=\"twitter:label1\" content=\"Tiempo de lectura\" \/>\n\t<meta name=\"twitter:data1\" content=\"2 minutos\" \/>\n<script type=\"application\/ld+json\" class=\"yoast-schema-graph\">{\"@context\":\"https:\/\/schema.org\",\"@graph\":[{\"@type\":\"WebPage\",\"@id\":\"https:\/\/www.weloopyou.com\/?page_id=472\",\"url\":\"https:\/\/www.weloopyou.com\/?page_id=472\",\"name\":\"CONTACTO - LOOP Technical Services\",\"isPartOf\":{\"@id\":\"https:\/\/www.weloopyou.com\/#website\"},\"datePublished\":\"2021-04-21T16:17:56+00:00\",\"dateModified\":\"2023-05-23T07:52:17+00:00\",\"description\":\"El en contacto con Loop significa estar un paso m\u00e1s cerca de los servicios que necesitas, proyectos de sistemas industriales e instalaciones.\",\"breadcrumb\":{\"@id\":\"https:\/\/www.weloopyou.com\/?page_id=472#breadcrumb\"},\"inLanguage\":\"es\",\"potentialAction\":[{\"@type\":\"ReadAction\",\"target\":[\"https:\/\/www.weloopyou.com\/?page_id=472\"]}]},{\"@type\":\"BreadcrumbList\",\"@id\":\"https:\/\/www.weloopyou.com\/?page_id=472#breadcrumb\",\"itemListElement\":[{\"@type\":\"ListItem\",\"position\":1,\"name\":\"LOOP\",\"item\":\"https:\/\/www.weloopyou.com\/\"},{\"@type\":\"ListItem\",\"position\":2,\"name\":\"Loop una consultor\u00eda de ingenier\u00eda\",\"item\":\"https:\/\/www.weloopyou.com\/\"},{\"@type\":\"ListItem\",\"position\":3,\"name\":\"Pol\u00edtica de privacidad\",\"item\":\"https:\/\/www.weloopyou.com\/?page_id=572\"},{\"@type\":\"ListItem\",\"position\":4,\"name\":\"CONTACTO\"}]},{\"@type\":\"WebSite\",\"@id\":\"https:\/\/www.weloopyou.com\/#website\",\"url\":\"https:\/\/www.weloopyou.com\/\",\"name\":\"LOOP Disinfection\",\"description\":\"Loop Technical Services es una consultora de ingenier\u00eda que brinda servicios de asesoramiento, auditor\u00eda, dise\u00f1o y asistencia en la generaci\u00f3n o modificaci\u00f3n de instalaciones t\u00e9cnicas en el \u00e1mbito civil e industrial.\",\"publisher\":{\"@id\":\"https:\/\/www.weloopyou.com\/#organization\"},\"potentialAction\":[{\"@type\":\"SearchAction\",\"target\":{\"@type\":\"EntryPoint\",\"urlTemplate\":\"https:\/\/www.weloopyou.com\/?s={search_term_string}\"},\"query-input\":\"required name=search_term_string\"}],\"inLanguage\":\"es\"},{\"@type\":\"Organization\",\"@id\":\"https:\/\/www.weloopyou.com\/#organization\",\"name\":\"LOOP\",\"url\":\"https:\/\/www.weloopyou.com\/\",\"logo\":{\"@type\":\"ImageObject\",\"inLanguage\":\"es\",\"@id\":\"https:\/\/www.weloopyou.com\/#\/schema\/logo\/image\/\",\"url\":\"https:\/\/www.weloopyou.com\/wp-content\/uploads\/2020\/08\/LOGO.png\",\"contentUrl\":\"https:\/\/www.weloopyou.com\/wp-content\/uploads\/2020\/08\/LOGO.png\",\"width\":247,\"height\":86,\"caption\":\"LOOP\"},\"image\":{\"@id\":\"https:\/\/www.weloopyou.com\/#\/schema\/logo\/image\/\"},\"sameAs\":[\"https:\/\/www.instagram.com\/loop_disinfection\/\",\"https:\/\/www.linkedin.com\/company\/weloopyou\/\"]}]}<\/script>\n<!-- \/ Yoast SEO plugin. -->","yoast_head_json":{"title":"CONTACTO - LOOP Technical Services","description":"El en contacto con Loop significa estar un paso m\u00e1s cerca de los servicios que necesitas, proyectos de sistemas industriales e instalaciones.","robots":{"index":"index","follow":"follow","max-snippet":"max-snippet:-1","max-image-preview":"max-image-preview:large","max-video-preview":"max-video-preview:-1"},"canonical":"https:\/\/www.weloopyou.com\/?page_id=472","og_locale":"es_ES","og_type":"article","og_title":"CONTACTO - LOOP Technical Services","og_description":"El en contacto con Loop significa estar un paso m\u00e1s cerca de los servicios que necesitas, proyectos de sistemas industriales e instalaciones.","og_url":"https:\/\/www.weloopyou.com\/?page_id=472","og_site_name":"LOOP Technical Services","article_modified_time":"2023-05-23T07:52:17+00:00","og_image":[{"width":1024,"height":800,"url":"https:\/\/www.weloopyou.com\/wp-content\/uploads\/2023\/02\/Contacto_loop_technical_services-1-1024x800.png","type":"image\/png"}],"twitter_card":"summary_large_image","twitter_misc":{"Tiempo de lectura":"2 minutos"},"schema":{"@context":"https:\/\/schema.org","@graph":[{"@type":"WebPage","@id":"https:\/\/www.weloopyou.com\/?page_id=472","url":"https:\/\/www.weloopyou.com\/?page_id=472","name":"CONTACTO - LOOP Technical Services","isPartOf":{"@id":"https:\/\/www.weloopyou.com\/#website"},"datePublished":"2021-04-21T16:17:56+00:00","dateModified":"2023-05-23T07:52:17+00:00","description":"El en contacto con Loop significa estar un paso m\u00e1s cerca de los servicios que necesitas, proyectos de sistemas industriales e instalaciones.","breadcrumb":{"@id":"https:\/\/www.weloopyou.com\/?page_id=472#breadcrumb"},"inLanguage":"es","potentialAction":[{"@type":"ReadAction","target":["https:\/\/www.weloopyou.com\/?page_id=472"]}]},{"@type":"BreadcrumbList","@id":"https:\/\/www.weloopyou.com\/?page_id=472#breadcrumb","itemListElement":[{"@type":"ListItem","position":1,"name":"LOOP","item":"https:\/\/www.weloopyou.com\/"},{"@type":"ListItem","position":2,"name":"Loop una consultor\u00eda de ingenier\u00eda","item":"https:\/\/www.weloopyou.com\/"},{"@type":"ListItem","position":3,"name":"Pol\u00edtica de privacidad","item":"https:\/\/www.weloopyou.com\/?page_id=572"},{"@type":"ListItem","position":4,"name":"CONTACTO"}]},{"@type":"WebSite","@id":"https:\/\/www.weloopyou.com\/#website","url":"https:\/\/www.weloopyou.com\/","name":"LOOP Disinfection","description":"Loop Technical Services es una consultora de ingenier\u00eda que brinda servicios de asesoramiento, auditor\u00eda, dise\u00f1o y asistencia en la generaci\u00f3n o modificaci\u00f3n de instalaciones t\u00e9cnicas en el \u00e1mbito civil e industrial.","publisher":{"@id":"https:\/\/www.weloopyou.com\/#organization"},"potentialAction":[{"@type":"SearchAction","target":{"@type":"EntryPoint","urlTemplate":"https:\/\/www.weloopyou.com\/?s={search_term_string}"},"query-input":"required name=search_term_string"}],"inLanguage":"es"},{"@type":"Organization","@id":"https:\/\/www.weloopyou.com\/#organization","name":"LOOP","url":"https:\/\/www.weloopyou.com\/","logo":{"@type":"ImageObject","inLanguage":"es","@id":"https:\/\/www.weloopyou.com\/#\/schema\/logo\/image\/","url":"https:\/\/www.weloopyou.com\/wp-content\/uploads\/2020\/08\/LOGO.png","contentUrl":"https:\/\/www.weloopyou.com\/wp-content\/uploads\/2020\/08\/LOGO.png","width":247,"height":86,"caption":"LOOP"},"image":{"@id":"https:\/\/www.weloopyou.com\/#\/schema\/logo\/image\/"},"sameAs":["https:\/\/www.instagram.com\/loop_disinfection\/","https:\/\/www.linkedin.com\/company\/weloopyou\/"]}]}},"coauthors":[],"author_meta":{"author_link":"https:\/\/www.weloopyou.com\/?author=2","display_name":"Luis Osorio"},"relative_dates":{"created":"Publicado 5 a\u00f1os hace","modified":"Actualizado 3 a\u00f1os hace"},"absolute_dates":{"created":"Publicado el abril 21, 2021","modified":"Actualizado el mayo 23, 2023"},"absolute_dates_time":{"created":"Publicado el abril 21, 2021 4:17 pm","modified":"Actualizado el mayo 23, 2023 7:52 am"},"featured_img_caption":"","featured_img":"https:\/\/www.weloopyou.com\/wp-content\/uploads\/2023\/02\/Contacto_loop_technical_services-1.png","series_order":"","_links":{"self":[{"href":"https:\/\/www.weloopyou.com\/index.php?rest_route=\/wp\/v2\/pages\/472"}],"collection":[{"href":"https:\/\/www.weloopyou.com\/index.php?rest_route=\/wp\/v2\/pages"}],"about":[{"href":"https:\/\/www.weloopyou.com\/index.php?rest_route=\/wp\/v2\/types\/page"}],"author":[{"embeddable":true,"href":"https:\/\/www.weloopyou.com\/index.php?rest_route=\/wp\/v2\/users\/2"}],"replies":[{"embeddable":true,"href":"https:\/\/www.weloopyou.com\/index.php?rest_route=%2Fwp%2Fv2%2Fcomments&post=472"}],"version-history":[{"count":35,"href":"https:\/\/www.weloopyou.com\/index.php?rest_route=\/wp\/v2\/pages\/472\/revisions"}],"predecessor-version":[{"id":1655,"href":"https:\/\/www.weloopyou.com\/index.php?rest_route=\/wp\/v2\/pages\/472\/revisions\/1655"}],"up":[{"embeddable":true,"href":"https:\/\/www.weloopyou.com\/index.php?rest_route=\/wp\/v2\/pages\/572"}],"wp:featuredmedia":[{"embeddable":true,"href":"https:\/\/www.weloopyou.com\/index.php?rest_route=\/wp\/v2\/media\/754"}],"wp:attachment":[{"href":"https:\/\/www.weloopyou.com\/index.php?rest_route=%2Fwp%2Fv2%2Fmedia&parent=472"}],"curies":[{"name":"wp","href":"https:\/\/api.w.org\/{rel}","templated":true}]}}