{"id":572,"date":"2023-01-31T10:59:21","date_gmt":"2023-01-31T10:59:21","guid":{"rendered":"https:\/\/www.weloopyou.com\/?page_id=572"},"modified":"2023-04-28T08:11:39","modified_gmt":"2023-04-28T08:11:39","slug":"politica_privacidad_loop_tecnical_services","status":"publish","type":"page","link":"https:\/\/www.weloopyou.com\/?page_id=572","title":{"rendered":"Pol\u00edtica de privacidad"},"content":{"rendered":"\n<h2 class=\"alignwide has-text-align-center has-text-color has-figtree-font-family wp-block-heading\" id=\"we-re-a-studio-in-berlin-with-an-international-practice-in-architecture-urban-planning-and-interior-design-we-believe-in-sharing-knowledge-and-promoting-dialogue-to-increase-the-creative-potential-of-collaboration\" style=\"color:#355593;font-size:60px;line-height:1.1\">Pol\u00edtica de Privacidad<\/h2>\n\n\n\n<p class=\"has-text-align-center has-figtree-font-family has-small-font-size\">Nuestra pol\u00edtica de privacidad se basa en la Ley de Protecci\u00f3n de Datos, en su marco legal que regula la recopilaci\u00f3n, uso y almacenamiento de datos personales. Esta ley busca proteger los derechos y privacidad de los individuos al garantizar que sus datos personales se manejen de manera responsable y segura.<\/p>\n\n\n\n<h2 class=\"has-text-align-left has-figtree-font-family has-x-large-font-size wp-block-heading\">Introducci\u00f3n<\/h2>\n\n\n\n<p class=\"has-figtree-font-family has-normal-font-size\" style=\"padding-top:0px;padding-right:0px;padding-bottom:0px;padding-left:0px\">LOOP est\u00e1 firmemente comprometida con la protecci\u00f3n de datos personales. Esta pol\u00edtica de privacidad describe por qu\u00e9 y c\u00f3mo recopilamos y usamos datos personales. Se aplica a los datos personales que nos proporcionan, tanto los propios interesados como los recibidos a trav\u00e9s de terceros. Podemos utilizar los datos personales que nos proporcione para cualquiera de los fines que indiquemos en el momento de la recogida.<\/p>\n\n\n\n<p class=\"has-figtree-font-family has-normal-font-size\">LOOP procesa datos personales para numerosos fines, y los medios de recogida, bases legales de procesamiento, uso, divulgaci\u00f3n y per\u00edodos de retenci\u00f3n para cada prop\u00f3sito pueden ser diferentes. Al recopilar y utilizar datos personales, nuestra pol\u00edtica es ser transparente sobre por qu\u00e9 y c\u00f3mo procesamos los datos personales, es por esto que en cada recogida de datos se informa de todos los aspectos anteriores, enfocados a cada supuesto en concreto.<\/p>\n\n\n\n<h2 class=\"has-text-align-left has-figtree-font-family has-x-large-font-size wp-block-heading\">Seguridad<\/h2>\n\n\n\n<p class=\"has-figtree-font-family has-normal-font-size\">Nos tomamos muy en serio la seguridad de todos los datos que tratamos. Estamos adheridos a est\u00e1ndares de seguridad internacionalmente reconocidos y nuestro sistema de gesti\u00f3n de seguridad de la informaci\u00f3n, en relaci\u00f3n con los datos confidenciales de nuestros clientes, est\u00e1 certificado de forma independiente en el cumplimiento de la norma ISO \/ IEC 27001: 2013<\/p>\n\n\n\n<p class=\"has-figtree-font-family has-normal-font-size\">Contamos con un marco de pol\u00edticas, procedimientos y planes de formaci\u00f3n que cubren las obligaciones de protecci\u00f3n de datos, confidencialidad y seguridad. Y que regularmente revisa la idoneidad de las medidas de seguridad implementadas para mantener la informaci\u00f3n que procesamos segura.<\/p>\n\n\n\n<h2 class=\"has-text-align-left has-figtree-font-family has-x-large-font-size wp-block-heading\">Cu\u00e1ndo y c\u00f3mo compartimos datos personales y ubicaciones de procesamiento<\/h2>\n\n\n\n<p class=\"has-figtree-font-family has-normal-font-size\">Solo compartiremos datos personales con terceros cuando se nos permita legalmente hacerlo. Cuando compartimos datos con terceros, establecemos acuerdos contractuales y mecanismos de seguridad seg\u00fan corresponda para proteger los datos y cumplir con nuestros est\u00e1ndares de protecci\u00f3n, confidencialidad y seguridad de datos.<\/p>\n\n\n\n<p class=\"has-figtree-font-family has-normal-font-size\">Podemos trabajar conjuntamente con otros proveedores de servicios profesionales, que pueden ayudarnos a gestionar nuestro negocio. Algunos de estos terceros pueden estar ubicados en otros pa\u00edses, por lo que los datos personales pueden transferirse fuera de los pa\u00edses.<\/p>\n\n\n\n<p class=\"has-figtree-font-family has-normal-font-size\">Esto incluye a pa\u00edses fuera de la Uni\u00f3n Europea y a pa\u00edses que no tienen leyes que brinden protecci\u00f3n espec\u00edfica para los datos personales. Hemos tomado medidas para garantizar que todos los datos personales reciban una protecci\u00f3n adecuada y que todas las transferencias de datos personales fuera de la UE se realicen legalmente. Cuando transfiramos datos personales fuera de la UE a un pa\u00eds que la Comisi\u00f3n Europea no determine que proporciona un nivel adecuado de protecci\u00f3n para los datos personales, las transferencias se realizar\u00e1n bajo un acuerdo que cubre los requisitos de la UE para la transferencia de datos personales fuera de la UE, como las cl\u00e1usulas contractuales est\u00e1ndar aprobadas por la Comisi\u00f3n Europea.<\/p>\n\n\n\n<p class=\"has-figtree-font-family has-normal-font-size\">Cumpliendo con los requisitos recogidos en los p\u00e1rrafos anteriores, los datos personales que tratamos pueden transferirse a:<\/p>\n\n\n\n<p class=\"has-figtree-font-family has-normal-font-size\">&#8211; <strong>Terceros que nos prestan servicios de ingenier\u00eda:<\/strong> utilizamos terceros para que nos ayuden a proporcionar nuestros servicios y para ayudar a proporcionar, un mejor servicio o producto a nuestros clientes.<br>&#8211; <strong>Terceros que nos ayudan en la prestaci\u00f3n de los servicios:&nbsp;<\/strong>podemos trabajar con otros proveedores para ayudarnos a proporcionar servicios profesionales a nuestros clientes. En estos casos se firmar\u00e1n los correspondientes contratos que legitimen el tratamiento de los datos por parte de estos terceros.<br>&#8211; <strong>Asesores profesionales:&nbsp;<\/strong>en la prestaci\u00f3n de los servicios podemos tener que compartir datos con nuestros Asesores profesionales. En estos casos se firmar\u00e1n los correspondientes contratos que legitimen el tratamiento de los datos por parte de estos terceros.<br>&#8211; <strong>Cumplimiento de la ley o entidades reguladoras:&nbsp;<\/strong>podemos recibir solicitudes de informaci\u00f3n por parte de Autoridades o entidades reguladoras que supongan la divulgaci\u00f3n de datos personales, esta petici\u00f3n puede ser para verificar que estamos cumpliendo con las leyes y regulaciones aplicables, para investigar un presunto delito&#8230;, estas peticiones ser\u00e1n atendidas teniendo como base legitimadora la obligaci\u00f3n legal existente.<\/p>\n\n\n\n<h4 class=\"has-text-align-left has-figtree-font-family has-x-large-font-size wp-block-heading\">Cambios a esta pol\u00edtica de privacidad<\/h4>\n\n\n\n<ul><\/ul>\n\n\n\n<p class=\"has-figtree-font-family has-normal-font-size\">La presente pol\u00edtica de privacidad puede sufrir modificaciones, cambios o actualizaciones derivadas de nuevos requerimientos legales. El presente documento ser\u00e1 siempre la versi\u00f3n actualizada, adaptada a los nuevos requerimientos.<\/p>\n\n\n\n<p class=\"has-figtree-font-family has-normal-font-size\">Los interesados podr\u00e1n ejercitar los derechos de acceso, rectificaci\u00f3n, cancelaci\u00f3n u oposici\u00f3n, a trav\u00e9s de la siguiente direcci\u00f3n de email<a href=\"mailto:es_office.data.protection@pwc.com\"> loop@weloopyou.com<\/a><\/p>\n\n\n\n<div style=\"height:58px\" aria-hidden=\"true\" class=\"wp-block-spacer\"><\/div>\n\n\n\n<p class=\"has-figtree-font-family has-normal-font-size\">Si quieres saber mas acerca de la ley de protecci\u00f3n de datos, pulse <a href=\"https:\/\/www.aepd.es\/es\/guias-y-herramientas\/herramientas\/facilita-rgpd\" target=\"_blank\" rel=\"noreferrer noopener\">aqu\u00ed<\/a><\/p>\n\n\n\n<div style=\"height:85px\" aria-hidden=\"true\" class=\"wp-block-spacer\"><\/div>\n\n\n\n<div id=\"wp-block-themeisle-blocks-advanced-columns-678cc482\" class=\"wp-block-themeisle-blocks-advanced-columns alignfull has-1-columns has-desktop-equal-layout has-tablet-equal-layout has-mobile-collapsedRows-layout has-reverse-columns-mobile has-vertical-bottom ticss-c00aadba has-dark-bg\"><div class=\"wp-block-themeisle-blocks-advanced-columns-overlay\"><\/div><div class=\"innerblocks-wrap\">\n<div id=\"wp-block-themeisle-blocks-advanced-column-4d412c51\" class=\"wp-block-themeisle-blocks-advanced-column\">\n<h2 id=\"wp-block-themeisle-blocks-advanced-heading-fb3c7a39\" class=\"wp-block-themeisle-blocks-advanced-heading wp-block-themeisle-blocks-advanced-heading-fb3c7a39\"><strong>We Loop you<\/strong><\/h2>\n\n\n\n<div style=\"height:47px\" aria-hidden=\"true\" class=\"wp-block-spacer\"><\/div>\n\n\n\n<div class=\"wp-block-buttons is-content-justification-center is-layout-flex wp-container-1\">\n<div class=\"wp-block-button has-custom-width wp-block-button__width-75 has-custom-font-size is-style-primary is-style-outline has-figtree-font-family has-medium-font-size\"><a class=\"wp-block-button__link has-ti-fg-color has-ti-fg-alt-background-color has-text-color has-background wp-element-button\" href=\"https:\/\/www.weloopyou.com\/?page_id=451\" style=\"border-radius:0px;padding-top:0;padding-right:0;padding-bottom:0;padding-left:0\">Con\u00f3cenos<\/a><\/div>\n<\/div>\n<\/div>\n<\/div><\/div>\n","protected":false},"excerpt":{"rendered":"<p>Pol\u00edtica de Privacidad Nuestra pol\u00edtica de privacidad se basa en la Ley de Protecci\u00f3n de Datos, en su marco legal que regula la recopilaci\u00f3n, uso y almacenamiento de datos personales. Esta ley busca proteger los derechos y privacidad de los individuos al garantizar que sus datos personales se manejen de manera responsable y segura. Introducci\u00f3n [&hellip;]<\/p>\n","protected":false},"author":2,"featured_media":662,"parent":23,"menu_order":4,"comment_status":"closed","ping_status":"closed","template":"","meta":{"advgb_blocks_editor_width":"","advgb_blocks_columns_visual_guide":"","editor_plus_copied_stylings":"{}","_themeisle_gutenberg_block_has_review":false},"yoast_head":"<!-- This site is optimized with the Yoast SEO plugin v21.8.1 - https:\/\/yoast.com\/wordpress\/plugins\/seo\/ -->\n<title>Pol\u00edtica de privacidad - LOOP Technical Services<\/title>\n<meta name=\"description\" content=\"LOOP se preocupa por proteger la privacidad de los datos personales y esta politica de privacidad explica c\u00f3mo y por qu\u00e9 recopilan y utilizan estos datos\" \/>\n<meta name=\"robots\" content=\"index, follow, max-snippet:-1, max-image-preview:large, max-video-preview:-1\" \/>\n<link rel=\"canonical\" href=\"https:\/\/www.weloopyou.com\/?page_id=572\" \/>\n<meta property=\"og:locale\" content=\"es_ES\" \/>\n<meta property=\"og:type\" content=\"article\" \/>\n<meta property=\"og:title\" content=\"Pol\u00edtica de privacidad - LOOP Technical Services\" \/>\n<meta property=\"og:description\" content=\"LOOP se preocupa por proteger la privacidad de los datos personales y esta politica de privacidad explica c\u00f3mo y por qu\u00e9 recopilan y utilizan estos datos\" \/>\n<meta property=\"og:url\" content=\"https:\/\/www.weloopyou.com\/?page_id=572\" \/>\n<meta property=\"og:site_name\" content=\"LOOP Technical Services\" \/>\n<meta property=\"article:modified_time\" content=\"2023-04-28T08:11:39+00:00\" \/>\n<meta property=\"og:image\" content=\"https:\/\/www.weloopyou.com\/wp-content\/uploads\/2023\/02\/Loop_Tecnical_Services_2.png\" \/>\n\t<meta property=\"og:image:width\" content=\"1088\" \/>\n\t<meta property=\"og:image:height\" content=\"724\" \/>\n\t<meta property=\"og:image:type\" content=\"image\/png\" \/>\n<meta name=\"twitter:card\" content=\"summary_large_image\" \/>\n<meta name=\"twitter:label1\" content=\"Tiempo de lectura\" \/>\n\t<meta name=\"twitter:data1\" content=\"4 minutos\" \/>\n<script type=\"application\/ld+json\" class=\"yoast-schema-graph\">{\"@context\":\"https:\/\/schema.org\",\"@graph\":[{\"@type\":[\"Article\",\"Report\"],\"@id\":\"https:\/\/www.weloopyou.com\/?page_id=572#article\",\"isPartOf\":{\"@id\":\"https:\/\/www.weloopyou.com\/?page_id=572\"},\"author\":{\"name\":\"Luis Osorio\",\"@id\":\"https:\/\/www.weloopyou.com\/#\/schema\/person\/7734c2694bad685f98be76bc59b996f5\"},\"headline\":\"Pol\u00edtica de privacidad\",\"datePublished\":\"2023-01-31T10:59:21+00:00\",\"dateModified\":\"2023-04-28T08:11:39+00:00\",\"mainEntityOfPage\":{\"@id\":\"https:\/\/www.weloopyou.com\/?page_id=572\"},\"wordCount\":828,\"publisher\":{\"@id\":\"https:\/\/www.weloopyou.com\/#organization\"},\"inLanguage\":\"es\"},{\"@type\":[\"WebPage\",\"FAQPage\"],\"@id\":\"https:\/\/www.weloopyou.com\/?page_id=572\",\"url\":\"https:\/\/www.weloopyou.com\/?page_id=572\",\"name\":\"Pol\u00edtica de privacidad - LOOP Technical Services\",\"isPartOf\":{\"@id\":\"https:\/\/www.weloopyou.com\/#website\"},\"datePublished\":\"2023-01-31T10:59:21+00:00\",\"dateModified\":\"2023-04-28T08:11:39+00:00\",\"description\":\"LOOP se preocupa por proteger la privacidad de los datos personales y esta politica de privacidad explica c\u00f3mo y por qu\u00e9 recopilan y utilizan estos datos\",\"breadcrumb\":{\"@id\":\"https:\/\/www.weloopyou.com\/?page_id=572#breadcrumb\"},\"inLanguage\":\"es\",\"potentialAction\":[{\"@type\":\"ReadAction\",\"target\":[\"https:\/\/www.weloopyou.com\/?page_id=572\"]}]},{\"@type\":\"BreadcrumbList\",\"@id\":\"https:\/\/www.weloopyou.com\/?page_id=572#breadcrumb\",\"itemListElement\":[{\"@type\":\"ListItem\",\"position\":1,\"name\":\"LOOP\",\"item\":\"https:\/\/www.weloopyou.com\/\"},{\"@type\":\"ListItem\",\"position\":2,\"name\":\"Loop una consultor\u00eda de ingenier\u00eda\",\"item\":\"https:\/\/www.weloopyou.com\/\"},{\"@type\":\"ListItem\",\"position\":3,\"name\":\"Pol\u00edtica de privacidad\"}]},{\"@type\":\"WebSite\",\"@id\":\"https:\/\/www.weloopyou.com\/#website\",\"url\":\"https:\/\/www.weloopyou.com\/\",\"name\":\"LOOP Disinfection\",\"description\":\"Loop Technical Services es una consultora de ingenier\u00eda que brinda servicios de asesoramiento, auditor\u00eda, dise\u00f1o y asistencia en la generaci\u00f3n o modificaci\u00f3n de instalaciones t\u00e9cnicas en el \u00e1mbito civil e industrial.\",\"publisher\":{\"@id\":\"https:\/\/www.weloopyou.com\/#organization\"},\"potentialAction\":[{\"@type\":\"SearchAction\",\"target\":{\"@type\":\"EntryPoint\",\"urlTemplate\":\"https:\/\/www.weloopyou.com\/?s={search_term_string}\"},\"query-input\":\"required name=search_term_string\"}],\"inLanguage\":\"es\"},{\"@type\":\"Organization\",\"@id\":\"https:\/\/www.weloopyou.com\/#organization\",\"name\":\"LOOP\",\"url\":\"https:\/\/www.weloopyou.com\/\",\"logo\":{\"@type\":\"ImageObject\",\"inLanguage\":\"es\",\"@id\":\"https:\/\/www.weloopyou.com\/#\/schema\/logo\/image\/\",\"url\":\"https:\/\/www.weloopyou.com\/wp-content\/uploads\/2020\/08\/LOGO.png\",\"contentUrl\":\"https:\/\/www.weloopyou.com\/wp-content\/uploads\/2020\/08\/LOGO.png\",\"width\":247,\"height\":86,\"caption\":\"LOOP\"},\"image\":{\"@id\":\"https:\/\/www.weloopyou.com\/#\/schema\/logo\/image\/\"},\"sameAs\":[\"https:\/\/www.instagram.com\/loop_disinfection\/\",\"https:\/\/www.linkedin.com\/company\/weloopyou\/\"]},{\"@type\":\"Person\",\"@id\":\"https:\/\/www.weloopyou.com\/#\/schema\/person\/7734c2694bad685f98be76bc59b996f5\",\"name\":\"Luis Osorio\",\"image\":{\"@type\":\"ImageObject\",\"inLanguage\":\"es\",\"@id\":\"https:\/\/www.weloopyou.com\/#\/schema\/person\/image\/\",\"url\":\"https:\/\/secure.gravatar.com\/avatar\/ec763ea86e643851d9d11633044ad862?s=96&d=mm&r=g\",\"contentUrl\":\"https:\/\/secure.gravatar.com\/avatar\/ec763ea86e643851d9d11633044ad862?s=96&d=mm&r=g\",\"caption\":\"Luis Osorio\"},\"sameAs\":[\"http:\/\/weloopyou.com\",\"https:\/\/www.instagram.com\/loop_disinfection\/\",\"https:\/\/www.linkedin.com\/company\/47649748\/admin\/?feedType=following\"],\"url\":\"https:\/\/www.weloopyou.com\/?author=2\"}]}<\/script>\n<!-- \/ Yoast SEO plugin. -->","yoast_head_json":{"title":"Pol\u00edtica de privacidad - LOOP Technical Services","description":"LOOP se preocupa por proteger la privacidad de los datos personales y esta politica de privacidad explica c\u00f3mo y por qu\u00e9 recopilan y utilizan estos datos","robots":{"index":"index","follow":"follow","max-snippet":"max-snippet:-1","max-image-preview":"max-image-preview:large","max-video-preview":"max-video-preview:-1"},"canonical":"https:\/\/www.weloopyou.com\/?page_id=572","og_locale":"es_ES","og_type":"article","og_title":"Pol\u00edtica de privacidad - LOOP Technical Services","og_description":"LOOP se preocupa por proteger la privacidad de los datos personales y esta politica de privacidad explica c\u00f3mo y por qu\u00e9 recopilan y utilizan estos datos","og_url":"https:\/\/www.weloopyou.com\/?page_id=572","og_site_name":"LOOP Technical Services","article_modified_time":"2023-04-28T08:11:39+00:00","og_image":[{"width":1088,"height":724,"url":"https:\/\/www.weloopyou.com\/wp-content\/uploads\/2023\/02\/Loop_Tecnical_Services_2.png","type":"image\/png"}],"twitter_card":"summary_large_image","twitter_misc":{"Tiempo de lectura":"4 minutos"},"schema":{"@context":"https:\/\/schema.org","@graph":[{"@type":["Article","Report"],"@id":"https:\/\/www.weloopyou.com\/?page_id=572#article","isPartOf":{"@id":"https:\/\/www.weloopyou.com\/?page_id=572"},"author":{"name":"Luis Osorio","@id":"https:\/\/www.weloopyou.com\/#\/schema\/person\/7734c2694bad685f98be76bc59b996f5"},"headline":"Pol\u00edtica de privacidad","datePublished":"2023-01-31T10:59:21+00:00","dateModified":"2023-04-28T08:11:39+00:00","mainEntityOfPage":{"@id":"https:\/\/www.weloopyou.com\/?page_id=572"},"wordCount":828,"publisher":{"@id":"https:\/\/www.weloopyou.com\/#organization"},"inLanguage":"es"},{"@type":["WebPage","FAQPage"],"@id":"https:\/\/www.weloopyou.com\/?page_id=572","url":"https:\/\/www.weloopyou.com\/?page_id=572","name":"Pol\u00edtica de privacidad - LOOP Technical Services","isPartOf":{"@id":"https:\/\/www.weloopyou.com\/#website"},"datePublished":"2023-01-31T10:59:21+00:00","dateModified":"2023-04-28T08:11:39+00:00","description":"LOOP se preocupa por proteger la privacidad de los datos personales y esta politica de privacidad explica c\u00f3mo y por qu\u00e9 recopilan y utilizan estos datos","breadcrumb":{"@id":"https:\/\/www.weloopyou.com\/?page_id=572#breadcrumb"},"inLanguage":"es","potentialAction":[{"@type":"ReadAction","target":["https:\/\/www.weloopyou.com\/?page_id=572"]}]},{"@type":"BreadcrumbList","@id":"https:\/\/www.weloopyou.com\/?page_id=572#breadcrumb","itemListElement":[{"@type":"ListItem","position":1,"name":"LOOP","item":"https:\/\/www.weloopyou.com\/"},{"@type":"ListItem","position":2,"name":"Loop una consultor\u00eda de ingenier\u00eda","item":"https:\/\/www.weloopyou.com\/"},{"@type":"ListItem","position":3,"name":"Pol\u00edtica de privacidad"}]},{"@type":"WebSite","@id":"https:\/\/www.weloopyou.com\/#website","url":"https:\/\/www.weloopyou.com\/","name":"LOOP Disinfection","description":"Loop Technical Services es una consultora de ingenier\u00eda que brinda servicios de asesoramiento, auditor\u00eda, dise\u00f1o y asistencia en la generaci\u00f3n o modificaci\u00f3n de instalaciones t\u00e9cnicas en el \u00e1mbito civil e industrial.","publisher":{"@id":"https:\/\/www.weloopyou.com\/#organization"},"potentialAction":[{"@type":"SearchAction","target":{"@type":"EntryPoint","urlTemplate":"https:\/\/www.weloopyou.com\/?s={search_term_string}"},"query-input":"required name=search_term_string"}],"inLanguage":"es"},{"@type":"Organization","@id":"https:\/\/www.weloopyou.com\/#organization","name":"LOOP","url":"https:\/\/www.weloopyou.com\/","logo":{"@type":"ImageObject","inLanguage":"es","@id":"https:\/\/www.weloopyou.com\/#\/schema\/logo\/image\/","url":"https:\/\/www.weloopyou.com\/wp-content\/uploads\/2020\/08\/LOGO.png","contentUrl":"https:\/\/www.weloopyou.com\/wp-content\/uploads\/2020\/08\/LOGO.png","width":247,"height":86,"caption":"LOOP"},"image":{"@id":"https:\/\/www.weloopyou.com\/#\/schema\/logo\/image\/"},"sameAs":["https:\/\/www.instagram.com\/loop_disinfection\/","https:\/\/www.linkedin.com\/company\/weloopyou\/"]},{"@type":"Person","@id":"https:\/\/www.weloopyou.com\/#\/schema\/person\/7734c2694bad685f98be76bc59b996f5","name":"Luis Osorio","image":{"@type":"ImageObject","inLanguage":"es","@id":"https:\/\/www.weloopyou.com\/#\/schema\/person\/image\/","url":"https:\/\/secure.gravatar.com\/avatar\/ec763ea86e643851d9d11633044ad862?s=96&d=mm&r=g","contentUrl":"https:\/\/secure.gravatar.com\/avatar\/ec763ea86e643851d9d11633044ad862?s=96&d=mm&r=g","caption":"Luis Osorio"},"sameAs":["http:\/\/weloopyou.com","https:\/\/www.instagram.com\/loop_disinfection\/","https:\/\/www.linkedin.com\/company\/47649748\/admin\/?feedType=following"],"url":"https:\/\/www.weloopyou.com\/?author=2"}]}},"coauthors":[],"author_meta":{"author_link":"https:\/\/www.weloopyou.com\/?author=2","display_name":"Luis Osorio"},"relative_dates":{"created":"Publicado 3 a\u00f1os hace","modified":"Actualizado 3 a\u00f1os hace"},"absolute_dates":{"created":"Publicado el enero 31, 2023","modified":"Actualizado el abril 28, 2023"},"absolute_dates_time":{"created":"Publicado el enero 31, 2023 10:59 am","modified":"Actualizado el abril 28, 2023 8:11 am"},"featured_img_caption":"","featured_img":"https:\/\/www.weloopyou.com\/wp-content\/uploads\/2023\/02\/Loop_Tecnical_Services_2.png","series_order":"","_links":{"self":[{"href":"https:\/\/www.weloopyou.com\/index.php?rest_route=\/wp\/v2\/pages\/572"}],"collection":[{"href":"https:\/\/www.weloopyou.com\/index.php?rest_route=\/wp\/v2\/pages"}],"about":[{"href":"https:\/\/www.weloopyou.com\/index.php?rest_route=\/wp\/v2\/types\/page"}],"author":[{"embeddable":true,"href":"https:\/\/www.weloopyou.com\/index.php?rest_route=\/wp\/v2\/users\/2"}],"replies":[{"embeddable":true,"href":"https:\/\/www.weloopyou.com\/index.php?rest_route=%2Fwp%2Fv2%2Fcomments&post=572"}],"version-history":[{"count":26,"href":"https:\/\/www.weloopyou.com\/index.php?rest_route=\/wp\/v2\/pages\/572\/revisions"}],"predecessor-version":[{"id":1208,"href":"https:\/\/www.weloopyou.com\/index.php?rest_route=\/wp\/v2\/pages\/572\/revisions\/1208"}],"up":[{"embeddable":true,"href":"https:\/\/www.weloopyou.com\/index.php?rest_route=\/wp\/v2\/pages\/23"}],"wp:featuredmedia":[{"embeddable":true,"href":"https:\/\/www.weloopyou.com\/index.php?rest_route=\/wp\/v2\/media\/662"}],"wp:attachment":[{"href":"https:\/\/www.weloopyou.com\/index.php?rest_route=%2Fwp%2Fv2%2Fmedia&parent=572"}],"curies":[{"name":"wp","href":"https:\/\/api.w.org\/{rel}","templated":true}]}}