{"id":788,"date":"2023-02-10T09:51:25","date_gmt":"2023-02-10T09:51:25","guid":{"rendered":"https:\/\/www.weloopyou.com\/?page_id=788"},"modified":"2023-04-28T08:18:52","modified_gmt":"2023-04-28T08:18:52","slug":"responsable_sitio","status":"publish","type":"page","link":"https:\/\/www.weloopyou.com\/?page_id=788","title":{"rendered":"Responsable del sitio"},"content":{"rendered":"\n<h1 class=\"has-text-align-center has-text-color has-figtree-font-family wp-block-heading\" style=\"color:#355593;margin-top:0;margin-right:0;margin-bottom:0;margin-left:0;padding-top:0;padding-right:0;padding-bottom:0;padding-left:0\">RESPONSABLE DEL SITIO<\/h1>\n\n\n\n<div id=\"wp-block-themeisle-blocks-advanced-columns-a2946a77\" class=\"wp-block-themeisle-blocks-advanced-columns alignfull has-2-columns has-desktop-equal-layout has-tablet-equal-layout has-mobile-collapsedRows-layout has-vertical-center ticss-a2946a77 has-dark-bg\"><div class=\"wp-block-themeisle-blocks-advanced-columns-overlay\"><\/div><div class=\"innerblocks-wrap\">\n<div id=\"wp-block-themeisle-blocks-advanced-column-bbddf55b\" class=\"wp-block-themeisle-blocks-advanced-column\">\n<figure class=\"wp-block-image alignleft size-large is-resized\"><img decoding=\"async\" loading=\"lazy\" src=\"https:\/\/www.weloopyou.com\/wp-content\/uploads\/2023\/02\/Loop_Tecnical_Services_3-1-1024x585.png\" alt=\"\" class=\"wp-image-790\" width=\"514\" height=\"293\" srcset=\"https:\/\/www.weloopyou.com\/wp-content\/uploads\/2023\/02\/Loop_Tecnical_Services_3-1-1024x585.png 1024w, https:\/\/www.weloopyou.com\/wp-content\/uploads\/2023\/02\/Loop_Tecnical_Services_3-1-300x171.png 300w, https:\/\/www.weloopyou.com\/wp-content\/uploads\/2023\/02\/Loop_Tecnical_Services_3-1-768x439.png 768w, https:\/\/www.weloopyou.com\/wp-content\/uploads\/2023\/02\/Loop_Tecnical_Services_3-1.png 1270w\" sizes=\"(max-width: 514px) 100vw, 514px\" \/><\/figure>\n<\/div>\n\n\n\n<div id=\"wp-block-themeisle-blocks-advanced-column-92b2db05\" class=\"wp-block-themeisle-blocks-advanced-column\">\n<p id=\"wp-block-themeisle-blocks-advanced-heading-82f63cc5\" class=\"wp-block-themeisle-blocks-advanced-heading wp-block-themeisle-blocks-advanced-heading-82f63cc5\">El responsable legal del sitio  <a href=\"https:\/\/www.weloopyou.com\/wp-admin\/site-editor.php?postType=page&amp;postId=23\">www.weloopyou.com<\/a>  es loop disinfection s.l. bajo la firma loop.<\/p>\n\n\n\n<h2 id=\"wp-block-themeisle-blocks-advanced-heading-8f1f2647\" class=\"wp-block-themeisle-blocks-advanced-heading wp-block-themeisle-blocks-advanced-heading-8f1f2647\">Acerca del responsable legal de este sitio<\/h2>\n\n\n\n<p class=\"has-figtree-font-family\"><em>Loop Disinfection S.L., con domicilio social en Calle Buganvilla, 2, 4D .28036, Madrid. C.I.F. B01588672<\/em><\/p>\n\n\n\n<p class=\"has-figtree-font-family\"><em>Prestaci\u00f3n de todo tipo de servicios de ingenier\u00eda, Proyectos de sistemas industriales<\/em>,<em>\u00a0<\/em>la optimizaci\u00f3n de procesos, la implementaci\u00f3n de tecnolog\u00edas verdes, consultor\u00eda de mejora de sostenibilidad, dise\u00f1o y fabricaci\u00f3n de dispositivos<em>,\u00a0<\/em>Modelado 3D, Reducci\u00f3n de huella CO2 y Proyectos de instalaciones.<\/p>\n\n\n\n<ul><\/ul>\n\n\n\n<ul><\/ul>\n\n\n\n<ul><\/ul>\n\n\n\n<p class=\"has-figtree-font-family\">La entidad Loop&nbsp;<em>Disinfection S.L.<\/em>&nbsp;es la titular de este sitio web.<\/p>\n\n\n\n<div class=\"wp-block-buttons is-layout-flex\"><\/div>\n<\/div>\n<\/div><\/div>\n\n\n\n<div id=\"wp-block-themeisle-blocks-advanced-columns-40db0924\" class=\"wp-block-themeisle-blocks-advanced-columns alignfull has-2-columns has-desktop-equal-layout has-tablet-equal-layout has-mobile-collapsedRows-layout has-vertical-top ticss-c00aadba\"><div class=\"wp-block-themeisle-blocks-advanced-columns-overlay\"><\/div><div class=\"innerblocks-wrap\">\n<div id=\"wp-block-themeisle-blocks-advanced-column-006aede9\" class=\"wp-block-themeisle-blocks-advanced-column\">\n<h2 id=\"wp-block-themeisle-blocks-advanced-heading-8e35b90f\" class=\"wp-block-themeisle-blocks-advanced-heading wp-block-themeisle-blocks-advanced-heading-8e35b90f\">CONTACTA<\/h2>\n\n\n\n<div id=\"wp-block-themeisle-blocks-icon-list-dfc1fb3a\" class=\"wp-block-themeisle-blocks-icon-list\">\n<div id=\"wp-block-themeisle-blocks-icon-list-item-e6a57e87\" class=\"wp-block-themeisle-blocks-icon-list-item\"><i class=\"fas fa-phone wp-block-themeisle-blocks-icon-list-item-icon\"><\/i><p class=\"wp-block-themeisle-blocks-icon-list-item-content\">+34 651 52 60 95<\/p><\/div>\n\n\n\n<div id=\"wp-block-themeisle-blocks-icon-list-item-648b3a6e\" class=\"wp-block-themeisle-blocks-icon-list-item\"><i class=\"far fa-envelope wp-block-themeisle-blocks-icon-list-item-icon\"><\/i><p class=\"wp-block-themeisle-blocks-icon-list-item-content\">loop@weloopyou.com<\/p><\/div>\n<\/div>\n\n\n\n<div style=\"height:20px\" aria-hidden=\"true\" class=\"wp-block-spacer\"><\/div>\n\n\n\n<p id=\"wp-block-themeisle-blocks-advanced-heading-9b27b614\" class=\"wp-block-themeisle-blocks-advanced-heading wp-block-themeisle-blocks-advanced-heading-9b27b614\"><strong>Follow on Social<\/strong><\/p>\n\n\n\n<ul class=\"wp-block-social-links has-large-icon-size is-style-logos-only is-layout-flex\"><li class=\"wp-social-link wp-social-link-twitter wp-block-social-link\"><a href=\"https:\/\/#\" class=\"wp-block-social-link-anchor\"><svg width=\"24\" height=\"24\" viewBox=\"0 0 24 24\" version=\"1.1\" xmlns=\"http:\/\/www.w3.org\/2000\/svg\" aria-hidden=\"true\" focusable=\"false\"><path d=\"M22.23,5.924c-0.736,0.326-1.527,0.547-2.357,0.646c0.847-0.508,1.498-1.312,1.804-2.27 c-0.793,0.47-1.671,0.812-2.606,0.996C18.324,4.498,17.257,4,16.077,4c-2.266,0-4.103,1.837-4.103,4.103 c0,0.322,0.036,0.635,0.106,0.935C8.67,8.867,5.647,7.234,3.623,4.751C3.27,5.357,3.067,6.062,3.067,6.814 c0,1.424,0.724,2.679,1.825,3.415c-0.673-0.021-1.305-0.206-1.859-0.513c0,0.017,0,0.034,0,0.052c0,1.988,1.414,3.647,3.292,4.023 c-0.344,0.094-0.707,0.144-1.081,0.144c-0.264,0-0.521-0.026-0.772-0.074c0.522,1.63,2.038,2.816,3.833,2.85 c-1.404,1.1-3.174,1.756-5.096,1.756c-0.331,0-0.658-0.019-0.979-0.057c1.816,1.164,3.973,1.843,6.29,1.843 c7.547,0,11.675-6.252,11.675-11.675c0-0.178-0.004-0.355-0.012-0.531C20.985,7.47,21.68,6.747,22.23,5.924z\"><\/path><\/svg><span class=\"wp-block-social-link-label screen-reader-text\">Twitter<\/span><\/a><\/li>\n\n<li class=\"wp-social-link wp-social-link-instagram wp-block-social-link\"><a href=\"https:\/\/#https:\/\/www.instagram.com\/loop_disinfection\/\" class=\"wp-block-social-link-anchor\"><svg width=\"24\" height=\"24\" viewBox=\"0 0 24 24\" version=\"1.1\" xmlns=\"http:\/\/www.w3.org\/2000\/svg\" aria-hidden=\"true\" focusable=\"false\"><path d=\"M12,4.622c2.403,0,2.688,0.009,3.637,0.052c0.877,0.04,1.354,0.187,1.671,0.31c0.42,0.163,0.72,0.358,1.035,0.673 c0.315,0.315,0.51,0.615,0.673,1.035c0.123,0.317,0.27,0.794,0.31,1.671c0.043,0.949,0.052,1.234,0.052,3.637 s-0.009,2.688-0.052,3.637c-0.04,0.877-0.187,1.354-0.31,1.671c-0.163,0.42-0.358,0.72-0.673,1.035 c-0.315,0.315-0.615,0.51-1.035,0.673c-0.317,0.123-0.794,0.27-1.671,0.31c-0.949,0.043-1.233,0.052-3.637,0.052 s-2.688-0.009-3.637-0.052c-0.877-0.04-1.354-0.187-1.671-0.31c-0.42-0.163-0.72-0.358-1.035-0.673 c-0.315-0.315-0.51-0.615-0.673-1.035c-0.123-0.317-0.27-0.794-0.31-1.671C4.631,14.688,4.622,14.403,4.622,12 s0.009-2.688,0.052-3.637c0.04-0.877,0.187-1.354,0.31-1.671c0.163-0.42,0.358-0.72,0.673-1.035 c0.315-0.315,0.615-0.51,1.035-0.673c0.317-0.123,0.794-0.27,1.671-0.31C9.312,4.631,9.597,4.622,12,4.622 M12,3 C9.556,3,9.249,3.01,8.289,3.054C7.331,3.098,6.677,3.25,6.105,3.472C5.513,3.702,5.011,4.01,4.511,4.511 c-0.5,0.5-0.808,1.002-1.038,1.594C3.25,6.677,3.098,7.331,3.054,8.289C3.01,9.249,3,9.556,3,12c0,2.444,0.01,2.751,0.054,3.711 c0.044,0.958,0.196,1.612,0.418,2.185c0.23,0.592,0.538,1.094,1.038,1.594c0.5,0.5,1.002,0.808,1.594,1.038 c0.572,0.222,1.227,0.375,2.185,0.418C9.249,20.99,9.556,21,12,21s2.751-0.01,3.711-0.054c0.958-0.044,1.612-0.196,2.185-0.418 c0.592-0.23,1.094-0.538,1.594-1.038c0.5-0.5,0.808-1.002,1.038-1.594c0.222-0.572,0.375-1.227,0.418-2.185 C20.99,14.751,21,14.444,21,12s-0.01-2.751-0.054-3.711c-0.044-0.958-0.196-1.612-0.418-2.185c-0.23-0.592-0.538-1.094-1.038-1.594 c-0.5-0.5-1.002-0.808-1.594-1.038c-0.572-0.222-1.227-0.375-2.185-0.418C14.751,3.01,14.444,3,12,3L12,3z M12,7.378 c-2.552,0-4.622,2.069-4.622,4.622S9.448,16.622,12,16.622s4.622-2.069,4.622-4.622S14.552,7.378,12,7.378z M12,15 c-1.657,0-3-1.343-3-3s1.343-3,3-3s3,1.343,3,3S13.657,15,12,15z M16.804,6.116c-0.596,0-1.08,0.484-1.08,1.08 s0.484,1.08,1.08,1.08c0.596,0,1.08-0.484,1.08-1.08S17.401,6.116,16.804,6.116z\"><\/path><\/svg><span class=\"wp-block-social-link-label screen-reader-text\">Instagram<\/span><\/a><\/li>\n\n<li class=\"wp-social-link wp-social-link-linkedin wp-block-social-link\"><a href=\"https:\/\/www.linkedin.com\/company\/weloopyou\/\" class=\"wp-block-social-link-anchor\"><svg width=\"24\" height=\"24\" viewBox=\"0 0 24 24\" version=\"1.1\" xmlns=\"http:\/\/www.w3.org\/2000\/svg\" aria-hidden=\"true\" focusable=\"false\"><path d=\"M19.7,3H4.3C3.582,3,3,3.582,3,4.3v15.4C3,20.418,3.582,21,4.3,21h15.4c0.718,0,1.3-0.582,1.3-1.3V4.3 C21,3.582,20.418,3,19.7,3z M8.339,18.338H5.667v-8.59h2.672V18.338z M7.004,8.574c-0.857,0-1.549-0.694-1.549-1.548 c0-0.855,0.691-1.548,1.549-1.548c0.854,0,1.547,0.694,1.547,1.548C8.551,7.881,7.858,8.574,7.004,8.574z M18.339,18.338h-2.669 v-4.177c0-0.996-0.017-2.278-1.387-2.278c-1.389,0-1.601,1.086-1.601,2.206v4.249h-2.667v-8.59h2.559v1.174h0.037 c0.356-0.675,1.227-1.387,2.526-1.387c2.703,0,3.203,1.779,3.203,4.092V18.338z\"><\/path><\/svg><span class=\"wp-block-social-link-label screen-reader-text\">LinkedIn<\/span><\/a><\/li><\/ul>\n<\/div>\n\n\n\n<div id=\"wp-block-themeisle-blocks-advanced-column-ee3078f9\" class=\"wp-block-themeisle-blocks-advanced-column\">\n<figure class=\"wp-block-image size-large\"><img decoding=\"async\" loading=\"lazy\" width=\"1024\" height=\"760\" src=\"https:\/\/www.weloopyou.com\/wp-content\/uploads\/2023\/02\/Email_aviso_legal_contacta_loop_technical_services-1-1024x760.png\" alt=\"\" class=\"wp-image-789\" srcset=\"https:\/\/www.weloopyou.com\/wp-content\/uploads\/2023\/02\/Email_aviso_legal_contacta_loop_technical_services-1-1024x760.png 1024w, https:\/\/www.weloopyou.com\/wp-content\/uploads\/2023\/02\/Email_aviso_legal_contacta_loop_technical_services-1-300x223.png 300w, https:\/\/www.weloopyou.com\/wp-content\/uploads\/2023\/02\/Email_aviso_legal_contacta_loop_technical_services-1-768x570.png 768w, https:\/\/www.weloopyou.com\/wp-content\/uploads\/2023\/02\/Email_aviso_legal_contacta_loop_technical_services-1-1536x1140.png 1536w, https:\/\/www.weloopyou.com\/wp-content\/uploads\/2023\/02\/Email_aviso_legal_contacta_loop_technical_services-1.png 2016w\" sizes=\"(max-width: 1024px) 100vw, 1024px\" \/><\/figure>\n<\/div>\n<\/div><\/div>\n","protected":false},"excerpt":{"rendered":"<p>RESPONSABLE DEL SITIO<\/p>\n","protected":false},"author":2,"featured_media":790,"parent":572,"menu_order":3,"comment_status":"closed","ping_status":"closed","template":"","meta":{"advgb_blocks_editor_width":"","advgb_blocks_columns_visual_guide":"","editor_plus_copied_stylings":"{}","_themeisle_gutenberg_block_has_review":false},"yoast_head":"<!-- This site is optimized with the Yoast SEO plugin v21.8.1 - https:\/\/yoast.com\/wordpress\/plugins\/seo\/ -->\n<title>Responsable del sitio - LOOP Technical Services<\/title>\n<meta name=\"description\" content=\"El responsable legal del sitio www.weloopyou.com es loop disinfection s.l. bajo la firma loop.\" \/>\n<meta name=\"robots\" content=\"index, follow, max-snippet:-1, max-image-preview:large, max-video-preview:-1\" \/>\n<link rel=\"canonical\" href=\"https:\/\/www.weloopyou.com\/?page_id=788\" \/>\n<meta property=\"og:locale\" content=\"es_ES\" \/>\n<meta property=\"og:type\" content=\"article\" \/>\n<meta property=\"og:title\" content=\"Responsable del sitio - LOOP Technical Services\" \/>\n<meta property=\"og:description\" content=\"El responsable legal del sitio www.weloopyou.com es loop disinfection s.l. bajo la firma loop.\" \/>\n<meta property=\"og:url\" content=\"https:\/\/www.weloopyou.com\/?page_id=788\" \/>\n<meta property=\"og:site_name\" content=\"LOOP Technical Services\" \/>\n<meta property=\"article:modified_time\" content=\"2023-04-28T08:18:52+00:00\" \/>\n<meta property=\"og:image\" content=\"https:\/\/www.weloopyou.com\/wp-content\/uploads\/2023\/02\/Loop_Tecnical_Services_3-1.png\" \/>\n\t<meta property=\"og:image:width\" content=\"1270\" \/>\n\t<meta property=\"og:image:height\" content=\"726\" \/>\n\t<meta property=\"og:image:type\" content=\"image\/png\" \/>\n<meta name=\"twitter:card\" content=\"summary_large_image\" \/>\n<meta name=\"twitter:label1\" content=\"Tiempo de lectura\" \/>\n\t<meta name=\"twitter:data1\" content=\"1 minuto\" \/>\n<script type=\"application\/ld+json\" class=\"yoast-schema-graph\">{\"@context\":\"https:\/\/schema.org\",\"@graph\":[{\"@type\":\"WebPage\",\"@id\":\"https:\/\/www.weloopyou.com\/?page_id=788\",\"url\":\"https:\/\/www.weloopyou.com\/?page_id=788\",\"name\":\"Responsable del sitio - LOOP Technical Services\",\"isPartOf\":{\"@id\":\"https:\/\/www.weloopyou.com\/#website\"},\"datePublished\":\"2023-02-10T09:51:25+00:00\",\"dateModified\":\"2023-04-28T08:18:52+00:00\",\"description\":\"El responsable legal del sitio www.weloopyou.com es loop disinfection s.l. bajo la firma loop.\",\"breadcrumb\":{\"@id\":\"https:\/\/www.weloopyou.com\/?page_id=788#breadcrumb\"},\"inLanguage\":\"es\",\"potentialAction\":[{\"@type\":\"ReadAction\",\"target\":[\"https:\/\/www.weloopyou.com\/?page_id=788\"]}]},{\"@type\":\"BreadcrumbList\",\"@id\":\"https:\/\/www.weloopyou.com\/?page_id=788#breadcrumb\",\"itemListElement\":[{\"@type\":\"ListItem\",\"position\":1,\"name\":\"LOOP\",\"item\":\"https:\/\/www.weloopyou.com\/\"},{\"@type\":\"ListItem\",\"position\":2,\"name\":\"Loop una consultor\u00eda de ingenier\u00eda\",\"item\":\"https:\/\/www.weloopyou.com\/\"},{\"@type\":\"ListItem\",\"position\":3,\"name\":\"Pol\u00edtica de privacidad\",\"item\":\"https:\/\/www.weloopyou.com\/?page_id=572\"},{\"@type\":\"ListItem\",\"position\":4,\"name\":\"Responsable del sitio\"}]},{\"@type\":\"WebSite\",\"@id\":\"https:\/\/www.weloopyou.com\/#website\",\"url\":\"https:\/\/www.weloopyou.com\/\",\"name\":\"LOOP Disinfection\",\"description\":\"Loop Technical Services es una consultora de ingenier\u00eda que brinda servicios de asesoramiento, auditor\u00eda, dise\u00f1o y asistencia en la generaci\u00f3n o modificaci\u00f3n de instalaciones t\u00e9cnicas en el \u00e1mbito civil e industrial.\",\"publisher\":{\"@id\":\"https:\/\/www.weloopyou.com\/#organization\"},\"potentialAction\":[{\"@type\":\"SearchAction\",\"target\":{\"@type\":\"EntryPoint\",\"urlTemplate\":\"https:\/\/www.weloopyou.com\/?s={search_term_string}\"},\"query-input\":\"required name=search_term_string\"}],\"inLanguage\":\"es\"},{\"@type\":\"Organization\",\"@id\":\"https:\/\/www.weloopyou.com\/#organization\",\"name\":\"LOOP\",\"url\":\"https:\/\/www.weloopyou.com\/\",\"logo\":{\"@type\":\"ImageObject\",\"inLanguage\":\"es\",\"@id\":\"https:\/\/www.weloopyou.com\/#\/schema\/logo\/image\/\",\"url\":\"https:\/\/www.weloopyou.com\/wp-content\/uploads\/2020\/08\/LOGO.png\",\"contentUrl\":\"https:\/\/www.weloopyou.com\/wp-content\/uploads\/2020\/08\/LOGO.png\",\"width\":247,\"height\":86,\"caption\":\"LOOP\"},\"image\":{\"@id\":\"https:\/\/www.weloopyou.com\/#\/schema\/logo\/image\/\"},\"sameAs\":[\"https:\/\/www.instagram.com\/loop_disinfection\/\",\"https:\/\/www.linkedin.com\/company\/weloopyou\/\"]}]}<\/script>\n<!-- \/ Yoast SEO plugin. -->","yoast_head_json":{"title":"Responsable del sitio - LOOP Technical Services","description":"El responsable legal del sitio www.weloopyou.com es loop disinfection s.l. bajo la firma loop.","robots":{"index":"index","follow":"follow","max-snippet":"max-snippet:-1","max-image-preview":"max-image-preview:large","max-video-preview":"max-video-preview:-1"},"canonical":"https:\/\/www.weloopyou.com\/?page_id=788","og_locale":"es_ES","og_type":"article","og_title":"Responsable del sitio - LOOP Technical Services","og_description":"El responsable legal del sitio www.weloopyou.com es loop disinfection s.l. bajo la firma loop.","og_url":"https:\/\/www.weloopyou.com\/?page_id=788","og_site_name":"LOOP Technical Services","article_modified_time":"2023-04-28T08:18:52+00:00","og_image":[{"width":1270,"height":726,"url":"https:\/\/www.weloopyou.com\/wp-content\/uploads\/2023\/02\/Loop_Tecnical_Services_3-1.png","type":"image\/png"}],"twitter_card":"summary_large_image","twitter_misc":{"Tiempo de lectura":"1 minuto"},"schema":{"@context":"https:\/\/schema.org","@graph":[{"@type":"WebPage","@id":"https:\/\/www.weloopyou.com\/?page_id=788","url":"https:\/\/www.weloopyou.com\/?page_id=788","name":"Responsable del sitio - LOOP Technical Services","isPartOf":{"@id":"https:\/\/www.weloopyou.com\/#website"},"datePublished":"2023-02-10T09:51:25+00:00","dateModified":"2023-04-28T08:18:52+00:00","description":"El responsable legal del sitio www.weloopyou.com es loop disinfection s.l. bajo la firma loop.","breadcrumb":{"@id":"https:\/\/www.weloopyou.com\/?page_id=788#breadcrumb"},"inLanguage":"es","potentialAction":[{"@type":"ReadAction","target":["https:\/\/www.weloopyou.com\/?page_id=788"]}]},{"@type":"BreadcrumbList","@id":"https:\/\/www.weloopyou.com\/?page_id=788#breadcrumb","itemListElement":[{"@type":"ListItem","position":1,"name":"LOOP","item":"https:\/\/www.weloopyou.com\/"},{"@type":"ListItem","position":2,"name":"Loop una consultor\u00eda de ingenier\u00eda","item":"https:\/\/www.weloopyou.com\/"},{"@type":"ListItem","position":3,"name":"Pol\u00edtica de privacidad","item":"https:\/\/www.weloopyou.com\/?page_id=572"},{"@type":"ListItem","position":4,"name":"Responsable del sitio"}]},{"@type":"WebSite","@id":"https:\/\/www.weloopyou.com\/#website","url":"https:\/\/www.weloopyou.com\/","name":"LOOP Disinfection","description":"Loop Technical Services es una consultora de ingenier\u00eda que brinda servicios de asesoramiento, auditor\u00eda, dise\u00f1o y asistencia en la generaci\u00f3n o modificaci\u00f3n de instalaciones t\u00e9cnicas en el \u00e1mbito civil e industrial.","publisher":{"@id":"https:\/\/www.weloopyou.com\/#organization"},"potentialAction":[{"@type":"SearchAction","target":{"@type":"EntryPoint","urlTemplate":"https:\/\/www.weloopyou.com\/?s={search_term_string}"},"query-input":"required name=search_term_string"}],"inLanguage":"es"},{"@type":"Organization","@id":"https:\/\/www.weloopyou.com\/#organization","name":"LOOP","url":"https:\/\/www.weloopyou.com\/","logo":{"@type":"ImageObject","inLanguage":"es","@id":"https:\/\/www.weloopyou.com\/#\/schema\/logo\/image\/","url":"https:\/\/www.weloopyou.com\/wp-content\/uploads\/2020\/08\/LOGO.png","contentUrl":"https:\/\/www.weloopyou.com\/wp-content\/uploads\/2020\/08\/LOGO.png","width":247,"height":86,"caption":"LOOP"},"image":{"@id":"https:\/\/www.weloopyou.com\/#\/schema\/logo\/image\/"},"sameAs":["https:\/\/www.instagram.com\/loop_disinfection\/","https:\/\/www.linkedin.com\/company\/weloopyou\/"]}]}},"coauthors":[],"author_meta":{"author_link":"https:\/\/www.weloopyou.com\/?author=2","display_name":"Luis Osorio"},"relative_dates":{"created":"Publicado 3 a\u00f1os hace","modified":"Actualizado 3 a\u00f1os hace"},"absolute_dates":{"created":"Publicado el febrero 10, 2023","modified":"Actualizado el abril 28, 2023"},"absolute_dates_time":{"created":"Publicado el febrero 10, 2023 9:51 am","modified":"Actualizado el abril 28, 2023 8:18 am"},"featured_img_caption":"","featured_img":"https:\/\/www.weloopyou.com\/wp-content\/uploads\/2023\/02\/Loop_Tecnical_Services_3-1.png","series_order":"","_links":{"self":[{"href":"https:\/\/www.weloopyou.com\/index.php?rest_route=\/wp\/v2\/pages\/788"}],"collection":[{"href":"https:\/\/www.weloopyou.com\/index.php?rest_route=\/wp\/v2\/pages"}],"about":[{"href":"https:\/\/www.weloopyou.com\/index.php?rest_route=\/wp\/v2\/types\/page"}],"author":[{"embeddable":true,"href":"https:\/\/www.weloopyou.com\/index.php?rest_route=\/wp\/v2\/users\/2"}],"replies":[{"embeddable":true,"href":"https:\/\/www.weloopyou.com\/index.php?rest_route=%2Fwp%2Fv2%2Fcomments&post=788"}],"version-history":[{"count":4,"href":"https:\/\/www.weloopyou.com\/index.php?rest_route=\/wp\/v2\/pages\/788\/revisions"}],"predecessor-version":[{"id":1046,"href":"https:\/\/www.weloopyou.com\/index.php?rest_route=\/wp\/v2\/pages\/788\/revisions\/1046"}],"up":[{"embeddable":true,"href":"https:\/\/www.weloopyou.com\/index.php?rest_route=\/wp\/v2\/pages\/572"}],"wp:featuredmedia":[{"embeddable":true,"href":"https:\/\/www.weloopyou.com\/index.php?rest_route=\/wp\/v2\/media\/790"}],"wp:attachment":[{"href":"https:\/\/www.weloopyou.com\/index.php?rest_route=%2Fwp%2Fv2%2Fmedia&parent=788"}],"curies":[{"name":"wp","href":"https:\/\/api.w.org\/{rel}","templated":true}]}}